{"id":25,"date":"2023-12-15T11:19:16","date_gmt":"2023-12-15T10:19:16","guid":{"rendered":"https:\/\/hauteprovencerenovation.com\/?page_id=25"},"modified":"2025-10-17T09:34:11","modified_gmt":"2025-10-17T07:34:11","slug":"gros-oeuvre","status":"publish","type":"page","link":"https:\/\/hauteprovencerenovation.com\/index.php\/gros-oeuvre\/","title":{"rendered":"Gros oeuvre"},"content":{"rendered":"\t\t<div data-elementor-type=\"wp-page\" data-elementor-id=\"25\" class=\"elementor elementor-25\" data-elementor-post-type=\"page\">\n\t\t\t\t<div class=\"elementor-element elementor-element-32a54b3 elementor-hidden-mobile e-flex e-con-boxed e-con e-parent\" data-id=\"32a54b3\" data-element_type=\"container\" data-e-type=\"container\" data-settings=\"{&quot;background_background&quot;:&quot;classic&quot;}\">\n\t\t\t\t\t<div class=\"e-con-inner\">\n\t\t<div class=\"elementor-element elementor-element-93b096c e-flex e-con-boxed e-con e-child\" data-id=\"93b096c\" data-element_type=\"container\" data-e-type=\"container\">\n\t\t\t\t\t<div class=\"e-con-inner\">\n\t\t\t\t<div class=\"elementor-element elementor-element-36f9c36 elementor-widget elementor-widget-heading\" data-id=\"36f9c36\" data-element_type=\"widget\" data-e-type=\"widget\" data-widget_type=\"heading.default\">\n\t\t\t\t<div class=\"elementor-widget-container\">\n\t\t\t\t\t<h1 class=\"elementor-heading-title elementor-size-default\">Gros Oeuvre ? Enduit et fa\u00e7ade ? Travaux en sous oeuvre ? Charpente et couverture ?<\/h1>\t\t\t\t<\/div>\n\t\t\t\t<\/div>\n\t\t\t\t<div class=\"elementor-element elementor-element-231be49 elementor-widget elementor-widget-heading\" data-id=\"231be49\" data-element_type=\"widget\" data-e-type=\"widget\" data-widget_type=\"heading.default\">\n\t\t\t\t<div class=\"elementor-widget-container\">\n\t\t\t\t\t<h2 class=\"elementor-heading-title elementor-size-medium\">Votre professionnel disponible pour du gros oeuvre BTP dans le 04 et 05<\/h2>\t\t\t\t<\/div>\n\t\t\t\t<\/div>\n\t\t\t\t<div class=\"elementor-element elementor-element-ace0cb9 elementor-align-center elementor-widget elementor-widget-button\" data-id=\"ace0cb9\" data-element_type=\"widget\" data-e-type=\"widget\" data-widget_type=\"button.default\">\n\t\t\t\t<div class=\"elementor-widget-container\">\n\t\t\t\t\t\t\t\t\t<div class=\"elementor-button-wrapper\">\n\t\t\t\t\t<a class=\"elementor-button elementor-button-link elementor-size-lg elementor-animation-grow\" href=\"https:\/\/hauteprovencerenovation.com\/index.php\/devis\/#devis\">\n\t\t\t\t\t\t<span class=\"elementor-button-content-wrapper\">\n\t\t\t\t\t\t\t\t\t<span class=\"elementor-button-text\">Obtenir un devis<\/span>\n\t\t\t\t\t<\/span>\n\t\t\t\t\t<\/a>\n\t\t\t\t<\/div>\n\t\t\t\t\t\t\t\t<\/div>\n\t\t\t\t<\/div>\n\t\t\t\t\t<\/div>\n\t\t\t\t<\/div>\n\t\t\t\t\t<\/div>\n\t\t\t\t<\/div>\n\t\t<div class=\"elementor-element elementor-element-10efdda8 e-flex e-con-boxed e-con e-parent\" data-id=\"10efdda8\" data-element_type=\"container\" data-e-type=\"container\">\n\t\t\t\t\t<div class=\"e-con-inner\">\n\t\t\t\t<div class=\"elementor-element elementor-element-d3cf5bd elementor-widget elementor-widget-heading\" data-id=\"d3cf5bd\" data-element_type=\"widget\" data-e-type=\"widget\" data-widget_type=\"heading.default\">\n\t\t\t\t<div class=\"elementor-widget-container\">\n\t\t\t\t\t<h3 class=\"elementor-heading-title elementor-size-default\">Besoin de professionnels pour du gros oeuvre ? Contactez-nous !<\/h3>\t\t\t\t<\/div>\n\t\t\t\t<\/div>\n\t\t\t\t\t<\/div>\n\t\t\t\t<\/div>\n\t\t<div class=\"elementor-element elementor-element-2d89121 e-flex e-con-boxed e-con e-parent\" data-id=\"2d89121\" data-element_type=\"container\" data-e-type=\"container\">\n\t\t\t\t\t<div class=\"e-con-inner\">\n\t\t\t\t<div class=\"elementor-element elementor-element-41634dca elementor-widget-divider--view-line elementor-widget elementor-widget-divider\" data-id=\"41634dca\" data-element_type=\"widget\" data-e-type=\"widget\" data-widget_type=\"divider.default\">\n\t\t\t\t<div class=\"elementor-widget-container\">\n\t\t\t\t\t\t\t<div class=\"elementor-divider\">\n\t\t\t<span class=\"elementor-divider-separator\">\n\t\t\t\t\t\t<\/span>\n\t\t<\/div>\n\t\t\t\t\t\t<\/div>\n\t\t\t\t<\/div>\n\t\t\t\t\t<\/div>\n\t\t\t\t<\/div>\n\t\t<div class=\"elementor-element elementor-element-4a2ea380 e-flex e-con-boxed e-con e-parent\" data-id=\"4a2ea380\" data-element_type=\"container\" data-e-type=\"container\">\n\t\t\t\t\t<div class=\"e-con-inner\">\n\t\t<div class=\"elementor-element elementor-element-22ded381 e-con-full e-flex e-con e-child\" data-id=\"22ded381\" data-element_type=\"container\" data-e-type=\"container\">\n\t\t\t\t<div class=\"elementor-element elementor-element-19c81964 elementor-widget elementor-widget-image\" data-id=\"19c81964\" data-element_type=\"widget\" data-e-type=\"widget\" data-widget_type=\"image.default\">\n\t\t\t\t<div class=\"elementor-widget-container\">\n\t\t\t\t\t\t\t\t\t\t\t\t\t\t\t<img fetchpriority=\"high\" decoding=\"async\" width=\"500\" height=\"375\" src=\"https:\/\/hauteprovencerenovation.com\/wp-content\/uploads\/2023\/12\/Enduit-et-facade-gros-oeuvre-BTP-Haute-Provence-Renovation.webp\" class=\"elementor-animation-grow attachment-large size-large wp-image-1004\" alt=\"Fa\u00e7adier 04 et 05 - Artisans fa\u00e7adier Haute Provence Renovation\" srcset=\"https:\/\/hauteprovencerenovation.com\/wp-content\/uploads\/2023\/12\/Enduit-et-facade-gros-oeuvre-BTP-Haute-Provence-Renovation.webp 500w, https:\/\/hauteprovencerenovation.com\/wp-content\/uploads\/2023\/12\/Enduit-et-facade-gros-oeuvre-BTP-Haute-Provence-Renovation-300x225.webp 300w\" sizes=\"(max-width: 500px) 100vw, 500px\" \/>\t\t\t\t\t\t\t\t\t\t\t\t\t\t\t<\/div>\n\t\t\t\t<\/div>\n\t\t\t\t<\/div>\n\t\t<div class=\"elementor-element elementor-element-7c743261 e-con-full e-flex e-con e-child\" data-id=\"7c743261\" data-element_type=\"container\" data-e-type=\"container\">\n\t\t\t\t<div class=\"elementor-element elementor-element-5fa3b3f3 elementor-widget elementor-widget-heading\" data-id=\"5fa3b3f3\" data-element_type=\"widget\" data-e-type=\"widget\" data-widget_type=\"heading.default\">\n\t\t\t\t<div class=\"elementor-widget-container\">\n\t\t\t\t\t<h2 class=\"elementor-heading-title elementor-size-default\">Gros oeuvre BTP - Enduit et Fa\u00e7ade<\/h2>\t\t\t\t<\/div>\n\t\t\t\t<\/div>\n\t\t\t\t<div class=\"elementor-element elementor-element-583c887f elementor-widget elementor-widget-text-editor\" data-id=\"583c887f\" data-element_type=\"widget\" data-e-type=\"widget\" data-widget_type=\"text-editor.default\">\n\t\t\t\t<div class=\"elementor-widget-container\">\n\t\t\t\t\t\t\t\t\t<p>L&rsquo;enduit et la fa\u00e7ade sont des \u00e9l\u00e9ments essentiels du <strong>gros \u0153uvre BTP<\/strong>. Ils contribuent \u00e0 la solidit\u00e9 et \u00e0 l&rsquo;\u00e9tanch\u00e9it\u00e9 du b\u00e2timent, tout en lui conf\u00e9rant un aspect esth\u00e9tique.<\/p><p>Les enduits sont appliqu\u00e9s sur les murs et les plafonds pour les lisser et les prot\u00e9ger des intemp\u00e9ries. Ils peuvent \u00eatre r\u00e9alis\u00e9s en diff\u00e9rents mat\u00e9riaux, tels que le <strong>ciment<\/strong>, le <strong>pl\u00e2tre<\/strong> ou la <strong>chaux<\/strong>.<\/p>\t\t\t\t\t\t\t\t<\/div>\n\t\t\t\t<\/div>\n\t\t\t\t<div class=\"elementor-element elementor-element-5316e984 elementor-align-right elementor-widget elementor-widget-button\" data-id=\"5316e984\" data-element_type=\"widget\" data-e-type=\"widget\" data-widget_type=\"button.default\">\n\t\t\t\t<div class=\"elementor-widget-container\">\n\t\t\t\t\t\t\t\t\t<div class=\"elementor-button-wrapper\">\n\t\t\t\t\t<a class=\"elementor-button elementor-button-link elementor-size-sm elementor-animation-grow\" href=\"https:\/\/hauteprovencerenovation.com\/index.php\/enduit-et-facade\/\">\n\t\t\t\t\t\t<span class=\"elementor-button-content-wrapper\">\n\t\t\t\t\t\t\t\t\t<span class=\"elementor-button-text\">Enduit &amp; Fa\u00e7ade<\/span>\n\t\t\t\t\t<\/span>\n\t\t\t\t\t<\/a>\n\t\t\t\t<\/div>\n\t\t\t\t\t\t\t\t<\/div>\n\t\t\t\t<\/div>\n\t\t\t\t<\/div>\n\t\t\t\t\t<\/div>\n\t\t\t\t<\/div>\n\t\t<div class=\"elementor-element elementor-element-13be4af e-flex e-con-boxed e-con e-parent\" data-id=\"13be4af\" data-element_type=\"container\" data-e-type=\"container\" data-settings=\"{&quot;background_background&quot;:&quot;classic&quot;}\">\n\t\t\t\t\t<div class=\"e-con-inner\">\n\t\t\t\t<div class=\"elementor-element elementor-element-61a48dc7 elementor-widget elementor-widget-heading\" data-id=\"61a48dc7\" data-element_type=\"widget\" data-e-type=\"widget\" data-widget_type=\"heading.default\">\n\t\t\t\t<div class=\"elementor-widget-container\">\n\t\t\t\t\t<h3 class=\"elementor-heading-title elementor-size-default\"><a href=\"tel:+33699494330\">Besoins de travaux ? Contactez-nous au 06 99 49 43 30<\/a><\/h3>\t\t\t\t<\/div>\n\t\t\t\t<\/div>\n\t\t\t\t\t<\/div>\n\t\t\t\t<\/div>\n\t\t<div class=\"elementor-element elementor-element-330fef20 e-flex e-con-boxed e-con e-parent\" data-id=\"330fef20\" data-element_type=\"container\" data-e-type=\"container\">\n\t\t\t\t\t<div class=\"e-con-inner\">\n\t\t<div class=\"elementor-element elementor-element-4ae33bec e-con-full e-flex e-con e-child\" data-id=\"4ae33bec\" data-element_type=\"container\" data-e-type=\"container\">\n\t\t\t\t<div class=\"elementor-element elementor-element-5e8375e7 elementor-widget elementor-widget-heading\" data-id=\"5e8375e7\" data-element_type=\"widget\" data-e-type=\"widget\" data-widget_type=\"heading.default\">\n\t\t\t\t<div class=\"elementor-widget-container\">\n\t\t\t\t\t<h2 class=\"elementor-heading-title elementor-size-default\">Gros oeuvre BTP - Travaux en sous-oeuvre<\/h2>\t\t\t\t<\/div>\n\t\t\t\t<\/div>\n\t\t\t\t<div class=\"elementor-element elementor-element-30070186 elementor-widget elementor-widget-text-editor\" data-id=\"30070186\" data-element_type=\"widget\" data-e-type=\"widget\" data-widget_type=\"text-editor.default\">\n\t\t\t\t<div class=\"elementor-widget-container\">\n\t\t\t\t\t\t\t\t\t<p>Les travaux en sous-\u0153uvre consistent \u00e0 renforcer ou \u00e0 consolider les fondations d&rsquo;un b\u00e2timent. Ils sont r\u00e9alis\u00e9s par des professionnels du <strong>gros \u0153uvre BTP<\/strong>, qui disposent des comp\u00e9tences et des \u00e9quipements n\u00e9cessaires pour intervenir dans des conditions difficiles.<\/p>\t\t\t\t\t\t\t\t<\/div>\n\t\t\t\t<\/div>\n\t\t\t\t<div class=\"elementor-element elementor-element-7f6a299 elementor-widget elementor-widget-button\" data-id=\"7f6a299\" data-element_type=\"widget\" data-e-type=\"widget\" data-widget_type=\"button.default\">\n\t\t\t\t<div class=\"elementor-widget-container\">\n\t\t\t\t\t\t\t\t\t<div class=\"elementor-button-wrapper\">\n\t\t\t\t\t<a class=\"elementor-button elementor-button-link elementor-size-sm elementor-animation-grow\" href=\"https:\/\/hauteprovencerenovation.com\/index.php\/travaux-en-sous-oeuvre\/\">\n\t\t\t\t\t\t<span class=\"elementor-button-content-wrapper\">\n\t\t\t\t\t\t\t\t\t<span class=\"elementor-button-text\">Travaux en sous-\u0153uvre<\/span>\n\t\t\t\t\t<\/span>\n\t\t\t\t\t<\/a>\n\t\t\t\t<\/div>\n\t\t\t\t\t\t\t\t<\/div>\n\t\t\t\t<\/div>\n\t\t\t\t<\/div>\n\t\t<div class=\"elementor-element elementor-element-419ed4ae e-con-full e-flex e-con e-child\" data-id=\"419ed4ae\" data-element_type=\"container\" data-e-type=\"container\">\n\t\t\t\t<div class=\"elementor-element elementor-element-137f6f07 elementor-widget elementor-widget-image\" data-id=\"137f6f07\" data-element_type=\"widget\" data-e-type=\"widget\" data-widget_type=\"image.default\">\n\t\t\t\t<div class=\"elementor-widget-container\">\n\t\t\t\t\t\t\t\t\t\t\t\t\t\t\t<img decoding=\"async\" width=\"500\" height=\"375\" src=\"https:\/\/hauteprovencerenovation.com\/wp-content\/uploads\/2023\/12\/Goutiere-esthetique-gros-oeuvre-BTP-Haute-Provence-Renovation-04-et-05.webp\" class=\"elementor-animation-grow attachment-large size-large wp-image-1014\" alt=\"Goutie\u0300re esthe\u0301tique gros oeuvre BTP Haute Provence Renovation 04 et 05\" srcset=\"https:\/\/hauteprovencerenovation.com\/wp-content\/uploads\/2023\/12\/Goutiere-esthetique-gros-oeuvre-BTP-Haute-Provence-Renovation-04-et-05.webp 500w, https:\/\/hauteprovencerenovation.com\/wp-content\/uploads\/2023\/12\/Goutiere-esthetique-gros-oeuvre-BTP-Haute-Provence-Renovation-04-et-05-300x225.webp 300w\" sizes=\"(max-width: 500px) 100vw, 500px\" \/>\t\t\t\t\t\t\t\t\t\t\t\t\t\t\t<\/div>\n\t\t\t\t<\/div>\n\t\t\t\t<\/div>\n\t\t\t\t\t<\/div>\n\t\t\t\t<\/div>\n\t\t<div class=\"elementor-element elementor-element-58f46520 e-flex e-con-boxed e-con e-parent\" data-id=\"58f46520\" data-element_type=\"container\" data-e-type=\"container\" data-settings=\"{&quot;background_background&quot;:&quot;classic&quot;,&quot;background_motion_fx_motion_fx_mouse&quot;:&quot;yes&quot;,&quot;background_motion_fx_mouseTrack_effect&quot;:&quot;yes&quot;,&quot;background_motion_fx_mouseTrack_direction&quot;:&quot;negative&quot;,&quot;background_motion_fx_mouseTrack_speed&quot;:{&quot;unit&quot;:&quot;px&quot;,&quot;size&quot;:1,&quot;sizes&quot;:[]}}\">\n\t\t\t\t\t<div class=\"e-con-inner\">\n\t\t<div class=\"elementor-element elementor-element-4fbc5bf0 e-con-full e-flex e-con e-child\" data-id=\"4fbc5bf0\" data-element_type=\"container\" data-e-type=\"container\">\n\t\t\t\t<div class=\"elementor-element elementor-element-2aa53f3f elementor-widget elementor-widget-image\" data-id=\"2aa53f3f\" data-element_type=\"widget\" data-e-type=\"widget\" data-widget_type=\"image.default\">\n\t\t\t\t<div class=\"elementor-widget-container\">\n\t\t\t\t\t\t\t\t\t\t\t\t\t\t\t<img decoding=\"async\" width=\"600\" height=\"800\" src=\"https:\/\/hauteprovencerenovation.com\/wp-content\/uploads\/2023\/12\/Charpente-Artisans-du-BTP-Haute-Provence-Renovation-Artisans-du-BTP-dans-les-villes-et-communes-du-04-et-05.webp\" class=\"elementor-animation-grow attachment-large size-large wp-image-838\" alt=\"Charpente gros oeuvre BTP Haute Provence Renovation Artisans du BTP dans les villes et communes du 04 et 05\" srcset=\"https:\/\/hauteprovencerenovation.com\/wp-content\/uploads\/2023\/12\/Charpente-Artisans-du-BTP-Haute-Provence-Renovation-Artisans-du-BTP-dans-les-villes-et-communes-du-04-et-05.webp 600w, https:\/\/hauteprovencerenovation.com\/wp-content\/uploads\/2023\/12\/Charpente-Artisans-du-BTP-Haute-Provence-Renovation-Artisans-du-BTP-dans-les-villes-et-communes-du-04-et-05-225x300.webp 225w\" sizes=\"(max-width: 600px) 100vw, 600px\" \/>\t\t\t\t\t\t\t\t\t\t\t\t\t\t\t<\/div>\n\t\t\t\t<\/div>\n\t\t\t\t<\/div>\n\t\t<div class=\"elementor-element elementor-element-38d64be9 e-con-full e-flex e-con e-child\" data-id=\"38d64be9\" data-element_type=\"container\" data-e-type=\"container\">\n\t\t\t\t<div class=\"elementor-element elementor-element-7f9e1b92 elementor-widget elementor-widget-heading\" data-id=\"7f9e1b92\" data-element_type=\"widget\" data-e-type=\"widget\" data-widget_type=\"heading.default\">\n\t\t\t\t<div class=\"elementor-widget-container\">\n\t\t\t\t\t<h2 class=\"elementor-heading-title elementor-size-default\">Gros oeuvre BTP - Charpente et Couverture <\/h2>\t\t\t\t<\/div>\n\t\t\t\t<\/div>\n\t\t\t\t<div class=\"elementor-element elementor-element-6065b110 elementor-widget elementor-widget-text-editor\" data-id=\"6065b110\" data-element_type=\"widget\" data-e-type=\"widget\" data-widget_type=\"text-editor.default\">\n\t\t\t\t<div class=\"elementor-widget-container\">\n\t\t\t\t\t\t\t\t\t<p>Les travaux de <strong>gros \u0153uvre BTP<\/strong>, comme la charpente et la couverture, sont essentiels \u00e0 la construction ou \u00e0 la r\u00e9novation d&rsquo;un b\u00e2timent. Ils concernent la structure et la <strong>protection du b\u00e2timent<\/strong>, et sont r\u00e9alis\u00e9s par des professionnels qualifi\u00e9s.<\/p><div class=\"attachment-container search-images\"><div class=\"image-container hide-from-message-actions ng-star-inserted\"><div class=\"overlay-container ng-star-inserted\">\u00a0<\/div><\/div><\/div>\t\t\t\t\t\t\t\t<\/div>\n\t\t\t\t<\/div>\n\t\t\t\t<div class=\"elementor-element elementor-element-35e48a82 elementor-align-right elementor-widget elementor-widget-button\" data-id=\"35e48a82\" data-element_type=\"widget\" data-e-type=\"widget\" data-widget_type=\"button.default\">\n\t\t\t\t<div class=\"elementor-widget-container\">\n\t\t\t\t\t\t\t\t\t<div class=\"elementor-button-wrapper\">\n\t\t\t\t\t<a class=\"elementor-button elementor-button-link elementor-size-sm elementor-animation-grow\" href=\"https:\/\/hauteprovencerenovation.com\/index.php\/charpente-et-couverture\/\">\n\t\t\t\t\t\t<span class=\"elementor-button-content-wrapper\">\n\t\t\t\t\t\t\t\t\t<span class=\"elementor-button-text\">Charpente &amp; Couverture <\/span>\n\t\t\t\t\t<\/span>\n\t\t\t\t\t<\/a>\n\t\t\t\t<\/div>\n\t\t\t\t\t\t\t\t<\/div>\n\t\t\t\t<\/div>\n\t\t\t\t<\/div>\n\t\t\t\t\t<\/div>\n\t\t\t\t<\/div>\n\t\t<div class=\"elementor-element elementor-element-2922dcf4 e-flex e-con-boxed e-con e-parent\" data-id=\"2922dcf4\" data-element_type=\"container\" data-e-type=\"container\" data-settings=\"{&quot;background_background&quot;:&quot;classic&quot;}\">\n\t\t\t\t\t<div class=\"e-con-inner\">\n\t\t<div class=\"elementor-element elementor-element-7510ecd e-con-full e-flex e-con e-child\" data-id=\"7510ecd\" data-element_type=\"container\" data-e-type=\"container\" data-settings=\"{&quot;background_background&quot;:&quot;classic&quot;}\">\n\t\t\t\t<div class=\"elementor-element elementor-element-3fc911e0 elementor-widget elementor-widget-heading\" data-id=\"3fc911e0\" data-element_type=\"widget\" data-e-type=\"widget\" data-widget_type=\"heading.default\">\n\t\t\t\t<div class=\"elementor-widget-container\">\n\t\t\t\t\t<h3 class=\"elementor-heading-title elementor-size-default\">Nous r\u00e9alisons nos travaux de gros \u0153uvre BTP dans les villes<br>et communes du 04 et 05.<\/h3>\t\t\t\t<\/div>\n\t\t\t\t<\/div>\n\t\t\t\t<\/div>\n\t\t\t\t\t<\/div>\n\t\t\t\t<\/div>\n\t\t\t\t<\/div>\n\t\t","protected":false},"excerpt":{"rendered":"<p>Gros Oeuvre ? Enduit et fa\u00e7ade ? Travaux en sous oeuvre ? Charpente et couverture ? Votre professionnel disponible pour du gros oeuvre BTP dans le 04 et 05 Obtenir un devis Besoin de professionnels pour du gros oeuvre ? Contactez-nous ! Gros oeuvre BTP &#8211; Enduit et Fa\u00e7ade L&rsquo;enduit et la fa\u00e7ade sont des [&hellip;]<\/p>\n","protected":false},"author":1,"featured_media":0,"parent":0,"menu_order":0,"comment_status":"closed","ping_status":"closed","template":"","meta":{"om_disable_all_campaigns":false,"_monsterinsights_skip_tracking":false,"_monsterinsights_sitenote_active":false,"_monsterinsights_sitenote_note":"","_monsterinsights_sitenote_category":0,"footnotes":""},"class_list":["post-25","page","type-page","status-publish","hentry"],"aioseo_notices":[],"_links":{"self":[{"href":"https:\/\/hauteprovencerenovation.com\/index.php\/wp-json\/wp\/v2\/pages\/25","targetHints":{"allow":["GET"]}}],"collection":[{"href":"https:\/\/hauteprovencerenovation.com\/index.php\/wp-json\/wp\/v2\/pages"}],"about":[{"href":"https:\/\/hauteprovencerenovation.com\/index.php\/wp-json\/wp\/v2\/types\/page"}],"author":[{"embeddable":true,"href":"https:\/\/hauteprovencerenovation.com\/index.php\/wp-json\/wp\/v2\/users\/1"}],"replies":[{"embeddable":true,"href":"https:\/\/hauteprovencerenovation.com\/index.php\/wp-json\/wp\/v2\/comments?post=25"}],"version-history":[{"count":91,"href":"https:\/\/hauteprovencerenovation.com\/index.php\/wp-json\/wp\/v2\/pages\/25\/revisions"}],"predecessor-version":[{"id":1438,"href":"https:\/\/hauteprovencerenovation.com\/index.php\/wp-json\/wp\/v2\/pages\/25\/revisions\/1438"}],"wp:attachment":[{"href":"https:\/\/hauteprovencerenovation.com\/index.php\/wp-json\/wp\/v2\/media?parent=25"}],"curies":[{"name":"wp","href":"https:\/\/api.w.org\/{rel}","templated":true}]}}