{"id":29,"date":"2023-12-15T11:19:55","date_gmt":"2023-12-15T10:19:55","guid":{"rendered":"https:\/\/hauteprovencerenovation.com\/?page_id=29"},"modified":"2025-10-17T11:33:53","modified_gmt":"2025-10-17T09:33:53","slug":"travaux-en-sous-oeuvre","status":"publish","type":"page","link":"https:\/\/hauteprovencerenovation.com\/index.php\/travaux-en-sous-oeuvre\/","title":{"rendered":"Travaux en sous-oeuvre"},"content":{"rendered":"\t\t<div data-elementor-type=\"wp-page\" data-elementor-id=\"29\" class=\"elementor elementor-29\" data-elementor-post-type=\"page\">\n\t\t\t\t<div class=\"elementor-element elementor-element-301b8d52 elementor-hidden-mobile e-flex e-con-boxed e-con e-parent\" data-id=\"301b8d52\" data-element_type=\"container\" data-e-type=\"container\" data-settings=\"{&quot;background_background&quot;:&quot;classic&quot;}\">\n\t\t\t\t\t<div class=\"e-con-inner\">\n\t\t\t\t<div class=\"elementor-element elementor-element-7691ed80 elementor-widget elementor-widget-heading\" data-id=\"7691ed80\" data-element_type=\"widget\" data-e-type=\"widget\" data-widget_type=\"heading.default\">\n\t\t\t\t<div class=\"elementor-widget-container\">\n\t\t\t\t\t<h1 class=\"elementor-heading-title elementor-size-default\">Travaux en sous oeuvre <\/h1>\t\t\t\t<\/div>\n\t\t\t\t<\/div>\n\t\t\t\t<div class=\"elementor-element elementor-element-53146af elementor-widget elementor-widget-heading\" data-id=\"53146af\" data-element_type=\"widget\" data-e-type=\"widget\" data-widget_type=\"heading.default\">\n\t\t\t\t<div class=\"elementor-widget-container\">\n\t\t\t\t\t<h2 class=\"elementor-heading-title elementor-size-default\">Vos professionnels disponibles pour des travaux en sous oeuvre dans les communes et villes du 04 et 05.<\/h2>\t\t\t\t<\/div>\n\t\t\t\t<\/div>\n\t\t\t\t<div class=\"elementor-element elementor-element-5c3f6768 elementor-align-center elementor-widget elementor-widget-button\" data-id=\"5c3f6768\" data-element_type=\"widget\" data-e-type=\"widget\" data-widget_type=\"button.default\">\n\t\t\t\t<div class=\"elementor-widget-container\">\n\t\t\t\t\t\t\t\t\t<div class=\"elementor-button-wrapper\">\n\t\t\t\t\t<a class=\"elementor-button elementor-button-link elementor-size-lg elementor-animation-grow\" href=\"https:\/\/hauteprovencerenovation.com\/index.php\/devis\/#devis\">\n\t\t\t\t\t\t<span class=\"elementor-button-content-wrapper\">\n\t\t\t\t\t\t\t\t\t<span class=\"elementor-button-text\">Obtenir un devis <\/span>\n\t\t\t\t\t<\/span>\n\t\t\t\t\t<\/a>\n\t\t\t\t<\/div>\n\t\t\t\t\t\t\t\t<\/div>\n\t\t\t\t<\/div>\n\t\t\t\t\t<\/div>\n\t\t\t\t<\/div>\n\t\t<div class=\"elementor-element elementor-element-111d64c6 e-flex e-con-boxed e-con e-parent\" data-id=\"111d64c6\" data-element_type=\"container\" data-e-type=\"container\">\n\t\t\t\t\t<div class=\"e-con-inner\">\n\t\t\t\t<div class=\"elementor-element elementor-element-7b52b750 elementor-widget elementor-widget-heading\" data-id=\"7b52b750\" data-element_type=\"widget\" data-e-type=\"widget\" data-widget_type=\"heading.default\">\n\t\t\t\t<div class=\"elementor-widget-container\">\n\t\t\t\t\t<h3 class=\"elementor-heading-title elementor-size-default\">Travaux en sous \u0153uvre dans le 04 et 05 <\/h3>\t\t\t\t<\/div>\n\t\t\t\t<\/div>\n\t\t\t\t\t<\/div>\n\t\t\t\t<\/div>\n\t\t<div class=\"elementor-element elementor-element-74345ebd e-flex e-con-boxed e-con e-parent\" data-id=\"74345ebd\" data-element_type=\"container\" data-e-type=\"container\">\n\t\t\t\t\t<div class=\"e-con-inner\">\n\t\t\t\t<div class=\"elementor-element elementor-element-3926ea31 elementor-widget-divider--view-line elementor-widget elementor-widget-divider\" data-id=\"3926ea31\" data-element_type=\"widget\" data-e-type=\"widget\" data-widget_type=\"divider.default\">\n\t\t\t\t<div class=\"elementor-widget-container\">\n\t\t\t\t\t\t\t<div class=\"elementor-divider\">\n\t\t\t<span class=\"elementor-divider-separator\">\n\t\t\t\t\t\t<\/span>\n\t\t<\/div>\n\t\t\t\t\t\t<\/div>\n\t\t\t\t<\/div>\n\t\t\t\t\t<\/div>\n\t\t\t\t<\/div>\n\t\t<div class=\"elementor-element elementor-element-3631b61c e-flex e-con-boxed e-con e-parent\" data-id=\"3631b61c\" data-element_type=\"container\" data-e-type=\"container\">\n\t\t\t\t\t<div class=\"e-con-inner\">\n\t\t<div class=\"elementor-element elementor-element-14c7b906 e-con-full e-flex e-con e-child\" data-id=\"14c7b906\" data-element_type=\"container\" data-e-type=\"container\">\n\t\t\t\t<div class=\"elementor-element elementor-element-56e87e5a elementor-widget elementor-widget-image\" data-id=\"56e87e5a\" data-element_type=\"widget\" data-e-type=\"widget\" data-widget_type=\"image.default\">\n\t\t\t\t<div class=\"elementor-widget-container\">\n\t\t\t\t\t\t\t\t\t\t\t\t\t\t\t<img fetchpriority=\"high\" decoding=\"async\" width=\"500\" height=\"375\" src=\"https:\/\/hauteprovencerenovation.com\/wp-content\/uploads\/2023\/12\/Travaux-en-sous-oeuvre-Haute-Provence-Renovation.webp\" class=\"elementor-animation-grow attachment-large size-large wp-image-1082\" alt=\"Travaux en sous oeuvre Haute Provence Renovation\" srcset=\"https:\/\/hauteprovencerenovation.com\/wp-content\/uploads\/2023\/12\/Travaux-en-sous-oeuvre-Haute-Provence-Renovation.webp 500w, https:\/\/hauteprovencerenovation.com\/wp-content\/uploads\/2023\/12\/Travaux-en-sous-oeuvre-Haute-Provence-Renovation-300x225.webp 300w\" sizes=\"(max-width: 500px) 100vw, 500px\" \/>\t\t\t\t\t\t\t\t\t\t\t\t\t\t\t<\/div>\n\t\t\t\t<\/div>\n\t\t\t\t<\/div>\n\t\t<div class=\"elementor-element elementor-element-74f97b3 e-con-full e-flex e-con e-child\" data-id=\"74f97b3\" data-element_type=\"container\" data-e-type=\"container\">\n\t\t\t\t<div class=\"elementor-element elementor-element-27f50448 elementor-widget elementor-widget-heading\" data-id=\"27f50448\" data-element_type=\"widget\" data-e-type=\"widget\" data-widget_type=\"heading.default\">\n\t\t\t\t<div class=\"elementor-widget-container\">\n\t\t\t\t\t<h2 class=\"elementor-heading-title elementor-size-default\">Travaux en sous oeuvre professionnels <\/h2>\t\t\t\t<\/div>\n\t\t\t\t<\/div>\n\t\t\t\t<div class=\"elementor-element elementor-element-871c7dd elementor-widget elementor-widget-text-editor\" data-id=\"871c7dd\" data-element_type=\"widget\" data-e-type=\"widget\" data-widget_type=\"text-editor.default\">\n\t\t\t\t<div class=\"elementor-widget-container\">\n\t\t\t\t\t\t\t\t\t<p><span style=\"font-weight: 400;\">Les <\/span><b>travaux en sous-\u0153uvre<\/b><span style=\"font-weight: 400;\"> sont des travaux r\u00e9alis\u00e9s sous la surface du sol. Ils peuvent \u00eatre n\u00e9cessaires pour renforcer les <\/span><b>fondations d&rsquo;un b\u00e2timent<\/b><span style=\"font-weight: 400;\">, pour cr\u00e9er des espaces suppl\u00e9mentaires, ou pour <\/span><b>r\u00e9parer<\/b><span style=\"font-weight: 400;\"> des dommages caus\u00e9s par les intemp\u00e9ries ou les mouvements du sol.<\/span><\/p><p><span style=\"font-weight: 400;\">Les <\/span><b>travaux en sous-\u0153uvre<\/b><span style=\"font-weight: 400;\"> sont des travaux complexes qui n\u00e9cessitent des comp\u00e9tences et des connaissances sp\u00e9cifiques. Il est important de faire appel \u00e0 nous pour r\u00e9aliser ces travaux.<\/span><\/p>\t\t\t\t\t\t\t\t<\/div>\n\t\t\t\t<\/div>\n\t\t\t\t<\/div>\n\t\t\t\t\t<\/div>\n\t\t\t\t<\/div>\n\t\t<div class=\"elementor-element elementor-element-22506fc0 e-flex e-con-boxed e-con e-parent\" data-id=\"22506fc0\" data-element_type=\"container\" data-e-type=\"container\" data-settings=\"{&quot;background_background&quot;:&quot;classic&quot;}\">\n\t\t\t\t\t<div class=\"e-con-inner\">\n\t\t\t\t<div class=\"elementor-element elementor-element-1ccee3a2 elementor-widget elementor-widget-heading\" data-id=\"1ccee3a2\" data-element_type=\"widget\" data-e-type=\"widget\" data-widget_type=\"heading.default\">\n\t\t\t\t<div class=\"elementor-widget-container\">\n\t\t\t\t\t<h3 class=\"elementor-heading-title elementor-size-default\"><a href=\"tel:+33699494330\">Besoins de travaux en sous-\u0153uvre ? Contactez-nous au 06 99 49 43 30<\/a><\/h3>\t\t\t\t<\/div>\n\t\t\t\t<\/div>\n\t\t\t\t\t<\/div>\n\t\t\t\t<\/div>\n\t\t<div class=\"elementor-element elementor-element-2319e1e0 e-flex e-con-boxed e-con e-parent\" data-id=\"2319e1e0\" data-element_type=\"container\" data-e-type=\"container\">\n\t\t\t\t\t<div class=\"e-con-inner\">\n\t\t<div class=\"elementor-element elementor-element-3ac57140 e-con-full e-flex e-con e-child\" data-id=\"3ac57140\" data-element_type=\"container\" data-e-type=\"container\">\n\t\t\t\t<div class=\"elementor-element elementor-element-72bb43b0 elementor-widget elementor-widget-heading\" data-id=\"72bb43b0\" data-element_type=\"widget\" data-e-type=\"widget\" data-widget_type=\"heading.default\">\n\t\t\t\t<div class=\"elementor-widget-container\">\n\t\t\t\t\t<h2 class=\"elementor-heading-title elementor-size-default\">Trouver un professionnel des travaux en sous oeuvre<\/h2>\t\t\t\t<\/div>\n\t\t\t\t<\/div>\n\t\t\t\t<div class=\"elementor-element elementor-element-6bd20f7f elementor-widget elementor-widget-text-editor\" data-id=\"6bd20f7f\" data-element_type=\"widget\" data-e-type=\"widget\" data-widget_type=\"text-editor.default\">\n\t\t\t\t<div class=\"elementor-widget-container\">\n\t\t\t\t\t\t\t\t\t<p><span style=\"font-weight: 400;\">Nous intervenons sur diff\u00e9rents types de travaux en<\/span><b> sous-\u0153uvre<\/b><span style=\"font-weight: 400;\"> :\u00a0<\/span><\/p><p><b>Renforcer les fondations<\/b><\/p><p><span style=\"font-weight: 400;\">Les fondations d&rsquo;un b\u00e2timent sont <\/span><b>essentielles<\/b><span style=\"font-weight: 400;\"> \u00e0 sa <\/span><b>stabilit\u00e9<\/b><span style=\"font-weight: 400;\">. Si les fondations sont fragilis\u00e9es, le b\u00e2timent peut s&rsquo;effondrer ou subir des dommages importants. Les travaux en sous-\u0153uvre peuvent \u00eatre n\u00e9cessaires pour renforcer les fondations d&rsquo;un b\u00e2timent, par exemple en cas de tassement du sol, de remont\u00e9e des eaux ou de mouvements de terrain.<\/span><\/p><p><b>Cr\u00e9er des espaces suppl\u00e9mentaires<\/b><\/p><p><span style=\"font-weight: 400;\">Les travaux en sous oeuvre peuvent \u00e9galement \u00eatre utilis\u00e9s pour cr\u00e9er des espaces suppl\u00e9mentaires, tels qu&rsquo;un sous-sol ou une cave. Ces travaux peuvent \u00eatre r\u00e9alis\u00e9s dans le cadre d&rsquo;une <\/span><b>construction neuve<\/b><span style=\"font-weight: 400;\"> ou d&rsquo;une <\/span><b>r\u00e9novation<\/b><span style=\"font-weight: 400;\">.<\/span><\/p>\t\t\t\t\t\t\t\t<\/div>\n\t\t\t\t<\/div>\n\t\t\t\t<\/div>\n\t\t<div class=\"elementor-element elementor-element-1f9b3cf8 e-con-full e-flex e-con e-child\" data-id=\"1f9b3cf8\" data-element_type=\"container\" data-e-type=\"container\">\n\t\t\t\t<div class=\"elementor-element elementor-element-3f417f15 elementor-widget elementor-widget-image\" data-id=\"3f417f15\" data-element_type=\"widget\" data-e-type=\"widget\" data-widget_type=\"image.default\">\n\t\t\t\t<div class=\"elementor-widget-container\">\n\t\t\t\t\t\t\t\t\t\t\t\t\t\t\t<img decoding=\"async\" width=\"500\" height=\"375\" src=\"https:\/\/hauteprovencerenovation.com\/wp-content\/uploads\/2023\/12\/Brique-travaux-en-sous-oeuvre-Haute-Provence-Renovation.webp\" class=\"elementor-animation-grow attachment-large size-large wp-image-1087\" alt=\"Brique, travaux en sous oeuvre Haute Provence Renovation\" srcset=\"https:\/\/hauteprovencerenovation.com\/wp-content\/uploads\/2023\/12\/Brique-travaux-en-sous-oeuvre-Haute-Provence-Renovation.webp 500w, https:\/\/hauteprovencerenovation.com\/wp-content\/uploads\/2023\/12\/Brique-travaux-en-sous-oeuvre-Haute-Provence-Renovation-300x225.webp 300w\" sizes=\"(max-width: 500px) 100vw, 500px\" \/>\t\t\t\t\t\t\t\t\t\t\t\t\t\t\t<\/div>\n\t\t\t\t<\/div>\n\t\t\t\t<\/div>\n\t\t\t\t\t<\/div>\n\t\t\t\t<\/div>\n\t\t<div class=\"elementor-element elementor-element-2008e2b1 e-flex e-con-boxed e-con e-parent\" data-id=\"2008e2b1\" data-element_type=\"container\" data-e-type=\"container\" data-settings=\"{&quot;background_background&quot;:&quot;classic&quot;}\">\n\t\t\t\t\t<div class=\"e-con-inner\">\n\t\t<div class=\"elementor-element elementor-element-afa002a e-con-full e-flex e-con e-child\" data-id=\"afa002a\" data-element_type=\"container\" data-e-type=\"container\" data-settings=\"{&quot;background_background&quot;:&quot;classic&quot;}\">\n\t\t\t\t<div class=\"elementor-element elementor-element-1d6cdf41 elementor-widget elementor-widget-heading\" data-id=\"1d6cdf41\" data-element_type=\"widget\" data-e-type=\"widget\" data-widget_type=\"heading.default\">\n\t\t\t\t<div class=\"elementor-widget-container\">\n\t\t\t\t\t<h3 class=\"elementor-heading-title elementor-size-default\">Nous r\u00e9alisons vos travaux en sous-\u0153uvre dans les villes et communes du 04 et 05.<\/h3>\t\t\t\t<\/div>\n\t\t\t\t<\/div>\n\t\t\t\t<\/div>\n\t\t\t\t\t<\/div>\n\t\t\t\t<\/div>\n\t\t\t\t<\/div>\n\t\t","protected":false},"excerpt":{"rendered":"<p>Travaux en sous oeuvre Vos professionnels disponibles pour des travaux en sous oeuvre dans les communes et villes du 04 et 05. Obtenir un devis Travaux en sous \u0153uvre dans le 04 et 05 Travaux en sous oeuvre professionnels Les travaux en sous-\u0153uvre sont des travaux r\u00e9alis\u00e9s sous la surface du sol. Ils peuvent \u00eatre [&hellip;]<\/p>\n","protected":false},"author":1,"featured_media":0,"parent":0,"menu_order":0,"comment_status":"closed","ping_status":"closed","template":"","meta":{"om_disable_all_campaigns":false,"_monsterinsights_skip_tracking":false,"_monsterinsights_sitenote_active":false,"_monsterinsights_sitenote_note":"","_monsterinsights_sitenote_category":0,"footnotes":""},"class_list":["post-29","page","type-page","status-publish","hentry"],"aioseo_notices":[],"_links":{"self":[{"href":"https:\/\/hauteprovencerenovation.com\/index.php\/wp-json\/wp\/v2\/pages\/29","targetHints":{"allow":["GET"]}}],"collection":[{"href":"https:\/\/hauteprovencerenovation.com\/index.php\/wp-json\/wp\/v2\/pages"}],"about":[{"href":"https:\/\/hauteprovencerenovation.com\/index.php\/wp-json\/wp\/v2\/types\/page"}],"author":[{"embeddable":true,"href":"https:\/\/hauteprovencerenovation.com\/index.php\/wp-json\/wp\/v2\/users\/1"}],"replies":[{"embeddable":true,"href":"https:\/\/hauteprovencerenovation.com\/index.php\/wp-json\/wp\/v2\/comments?post=29"}],"version-history":[{"count":46,"href":"https:\/\/hauteprovencerenovation.com\/index.php\/wp-json\/wp\/v2\/pages\/29\/revisions"}],"predecessor-version":[{"id":1445,"href":"https:\/\/hauteprovencerenovation.com\/index.php\/wp-json\/wp\/v2\/pages\/29\/revisions\/1445"}],"wp:attachment":[{"href":"https:\/\/hauteprovencerenovation.com\/index.php\/wp-json\/wp\/v2\/media?parent=29"}],"curies":[{"name":"wp","href":"https:\/\/api.w.org\/{rel}","templated":true}]}}