{"id":37,"date":"2023-12-15T11:22:24","date_gmt":"2023-12-15T10:22:24","guid":{"rendered":"https:\/\/hauteprovencerenovation.com\/?page_id=37"},"modified":"2025-10-17T14:44:25","modified_gmt":"2025-10-17T12:44:25","slug":"peinture","status":"publish","type":"page","link":"https:\/\/hauteprovencerenovation.com\/index.php\/peinture\/","title":{"rendered":"Peinture"},"content":{"rendered":"\t\t<div data-elementor-type=\"wp-page\" data-elementor-id=\"37\" class=\"elementor elementor-37\" data-elementor-post-type=\"page\">\n\t\t\t\t<div class=\"elementor-element elementor-element-76c5263b elementor-hidden-mobile e-flex e-con-boxed e-con e-parent\" data-id=\"76c5263b\" data-element_type=\"container\" data-e-type=\"container\" data-settings=\"{&quot;background_background&quot;:&quot;classic&quot;}\">\n\t\t\t\t\t<div class=\"e-con-inner\">\n\t\t\t\t<div class=\"elementor-element elementor-element-595eb61c elementor-widget elementor-widget-heading\" data-id=\"595eb61c\" data-element_type=\"widget\" data-e-type=\"widget\" data-widget_type=\"heading.default\">\n\t\t\t\t<div class=\"elementor-widget-container\">\n\t\t\t\t\t<h1 class=\"elementor-heading-title elementor-size-default\">Peintre BTP<\/h1>\t\t\t\t<\/div>\n\t\t\t\t<\/div>\n\t\t\t\t<div class=\"elementor-element elementor-element-9c3155e elementor-widget elementor-widget-heading\" data-id=\"9c3155e\" data-element_type=\"widget\" data-e-type=\"widget\" data-widget_type=\"heading.default\">\n\t\t\t\t<div class=\"elementor-widget-container\">\n\t\t\t\t\t<h2 class=\"elementor-heading-title elementor-size-default\">Vos peintres BTP disponibles dans les communes et villes du 04 et 05.<\/h2>\t\t\t\t<\/div>\n\t\t\t\t<\/div>\n\t\t\t\t<div class=\"elementor-element elementor-element-71916584 elementor-align-center elementor-widget elementor-widget-button\" data-id=\"71916584\" data-element_type=\"widget\" data-e-type=\"widget\" data-widget_type=\"button.default\">\n\t\t\t\t<div class=\"elementor-widget-container\">\n\t\t\t\t\t\t\t\t\t<div class=\"elementor-button-wrapper\">\n\t\t\t\t\t<a class=\"elementor-button elementor-button-link elementor-size-lg elementor-animation-grow\" href=\"https:\/\/hauteprovencerenovation.com\/index.php\/devis\/#devis\">\n\t\t\t\t\t\t<span class=\"elementor-button-content-wrapper\">\n\t\t\t\t\t\t\t\t\t<span class=\"elementor-button-text\">Obtenir un devis<\/span>\n\t\t\t\t\t<\/span>\n\t\t\t\t\t<\/a>\n\t\t\t\t<\/div>\n\t\t\t\t\t\t\t\t<\/div>\n\t\t\t\t<\/div>\n\t\t\t\t\t<\/div>\n\t\t\t\t<\/div>\n\t\t<div class=\"elementor-element elementor-element-23fd37b e-flex e-con-boxed e-con e-parent\" data-id=\"23fd37b\" data-element_type=\"container\" data-e-type=\"container\">\n\t\t\t\t\t<div class=\"e-con-inner\">\n\t\t\t\t<div class=\"elementor-element elementor-element-6ab8e11c elementor-widget elementor-widget-heading\" data-id=\"6ab8e11c\" data-element_type=\"widget\" data-e-type=\"widget\" data-widget_type=\"heading.default\">\n\t\t\t\t<div class=\"elementor-widget-container\">\n\t\t\t\t\t<h3 class=\"elementor-heading-title elementor-size-default\">Peintre BTP disponible pour peinture int\u00e9rieur et ext\u00e9rieur <\/h3>\t\t\t\t<\/div>\n\t\t\t\t<\/div>\n\t\t\t\t\t<\/div>\n\t\t\t\t<\/div>\n\t\t<div class=\"elementor-element elementor-element-2abc6e3e e-flex e-con-boxed e-con e-parent\" data-id=\"2abc6e3e\" data-element_type=\"container\" data-e-type=\"container\">\n\t\t\t\t\t<div class=\"e-con-inner\">\n\t\t\t\t<div class=\"elementor-element elementor-element-1bd4578a elementor-widget-divider--view-line elementor-widget elementor-widget-divider\" data-id=\"1bd4578a\" data-element_type=\"widget\" data-e-type=\"widget\" data-widget_type=\"divider.default\">\n\t\t\t\t<div class=\"elementor-widget-container\">\n\t\t\t\t\t\t\t<div class=\"elementor-divider\">\n\t\t\t<span class=\"elementor-divider-separator\">\n\t\t\t\t\t\t<\/span>\n\t\t<\/div>\n\t\t\t\t\t\t<\/div>\n\t\t\t\t<\/div>\n\t\t\t\t\t<\/div>\n\t\t\t\t<\/div>\n\t\t<div class=\"elementor-element elementor-element-4a99c905 e-flex e-con-boxed e-con e-parent\" data-id=\"4a99c905\" data-element_type=\"container\" data-e-type=\"container\">\n\t\t\t\t\t<div class=\"e-con-inner\">\n\t\t<div class=\"elementor-element elementor-element-b295597 e-con-full e-flex e-con e-child\" data-id=\"b295597\" data-element_type=\"container\" data-e-type=\"container\">\n\t\t\t\t<div class=\"elementor-element elementor-element-77eaf56 elementor-widget elementor-widget-image\" data-id=\"77eaf56\" data-element_type=\"widget\" data-e-type=\"widget\" data-widget_type=\"image.default\">\n\t\t\t\t<div class=\"elementor-widget-container\">\n\t\t\t\t\t\t\t\t\t\t\t\t\t\t\t<img fetchpriority=\"high\" decoding=\"async\" width=\"500\" height=\"375\" src=\"https:\/\/hauteprovencerenovation.com\/wp-content\/uploads\/2023\/12\/Peinture-dinterieur-Peintre-BTP-Haute-Provence-Renovaton.webp\" class=\"elementor-animation-grow attachment-large size-large wp-image-1133\" alt=\"Peinture d&#039;inte\u0301rieur Peintre BTP Haute Provence Renovaton\" srcset=\"https:\/\/hauteprovencerenovation.com\/wp-content\/uploads\/2023\/12\/Peinture-dinterieur-Peintre-BTP-Haute-Provence-Renovaton.webp 500w, https:\/\/hauteprovencerenovation.com\/wp-content\/uploads\/2023\/12\/Peinture-dinterieur-Peintre-BTP-Haute-Provence-Renovaton-300x225.webp 300w\" sizes=\"(max-width: 500px) 100vw, 500px\" \/>\t\t\t\t\t\t\t\t\t\t\t\t\t\t\t<\/div>\n\t\t\t\t<\/div>\n\t\t\t\t<\/div>\n\t\t<div class=\"elementor-element elementor-element-1eba6112 e-con-full e-flex e-con e-child\" data-id=\"1eba6112\" data-element_type=\"container\" data-e-type=\"container\">\n\t\t\t\t<div class=\"elementor-element elementor-element-75e66606 elementor-widget elementor-widget-heading\" data-id=\"75e66606\" data-element_type=\"widget\" data-e-type=\"widget\" data-widget_type=\"heading.default\">\n\t\t\t\t<div class=\"elementor-widget-container\">\n\t\t\t\t\t<h2 class=\"elementor-heading-title elementor-size-default\">Peintre BTP - Peinture d'Int\u00e9rieur<\/h2>\t\t\t\t<\/div>\n\t\t\t\t<\/div>\n\t\t\t\t<div class=\"elementor-element elementor-element-106ec91c elementor-widget elementor-widget-text-editor\" data-id=\"106ec91c\" data-element_type=\"widget\" data-e-type=\"widget\" data-widget_type=\"text-editor.default\">\n\t\t\t\t<div class=\"elementor-widget-container\">\n\t\t\t\t\t\t\t\t\t<p data-sourcepos=\"9:1-9:202\">Les <strong>peintres BTP<\/strong> sont sp\u00e9cialis\u00e9s dans la <strong>peinture int\u00e9rieure<\/strong>. Ils ma\u00eetrisent les diff\u00e9rentes techniques de peinture, et ils savent choisir les couleurs et les mat\u00e9riaux les plus adapt\u00e9s \u00e0 chaque pi\u00e8ce.<\/p><p data-sourcepos=\"11:1-11:204\">Si vous souhaitez<strong> r\u00e9nover votre int\u00e9rieur<\/strong>, n&rsquo;h\u00e9sitez pas \u00e0 faire appel \u00e0 nos peintres BTP qualifi\u00e9s. Ils vous conseilleront sur les meilleures solutions pour votre projet.<\/p>\t\t\t\t\t\t\t\t<\/div>\n\t\t\t\t<\/div>\n\t\t\t\t<\/div>\n\t\t\t\t\t<\/div>\n\t\t\t\t<\/div>\n\t\t<div class=\"elementor-element elementor-element-7f4520ab e-flex e-con-boxed e-con e-parent\" data-id=\"7f4520ab\" data-element_type=\"container\" data-e-type=\"container\" data-settings=\"{&quot;background_background&quot;:&quot;classic&quot;}\">\n\t\t\t\t\t<div class=\"e-con-inner\">\n\t\t\t\t<div class=\"elementor-element elementor-element-41e066b4 elementor-widget elementor-widget-heading\" data-id=\"41e066b4\" data-element_type=\"widget\" data-e-type=\"widget\" data-widget_type=\"heading.default\">\n\t\t\t\t<div class=\"elementor-widget-container\">\n\t\t\t\t\t<h3 class=\"elementor-heading-title elementor-size-default\"><a href=\"tel:+33699494330\">Besoins de travaux ? Contactez-nous au 06 99 49 43 30 <\/a><\/h3>\t\t\t\t<\/div>\n\t\t\t\t<\/div>\n\t\t\t\t\t<\/div>\n\t\t\t\t<\/div>\n\t\t<div class=\"elementor-element elementor-element-6beabfed e-flex e-con-boxed e-con e-parent\" data-id=\"6beabfed\" data-element_type=\"container\" data-e-type=\"container\">\n\t\t\t\t\t<div class=\"e-con-inner\">\n\t\t<div class=\"elementor-element elementor-element-f654b5 e-con-full e-flex e-con e-child\" data-id=\"f654b5\" data-element_type=\"container\" data-e-type=\"container\">\n\t\t\t\t<div class=\"elementor-element elementor-element-1ea7352c elementor-widget elementor-widget-heading\" data-id=\"1ea7352c\" data-element_type=\"widget\" data-e-type=\"widget\" data-widget_type=\"heading.default\">\n\t\t\t\t<div class=\"elementor-widget-container\">\n\t\t\t\t\t<h2 class=\"elementor-heading-title elementor-size-default\">Peintre BTP d'ext\u00e9rieur <\/h2>\t\t\t\t<\/div>\n\t\t\t\t<\/div>\n\t\t\t\t<div class=\"elementor-element elementor-element-2f446d06 elementor-widget elementor-widget-text-editor\" data-id=\"2f446d06\" data-element_type=\"widget\" data-e-type=\"widget\" data-widget_type=\"text-editor.default\">\n\t\t\t\t<div class=\"elementor-widget-container\">\n\t\t\t\t\t\t\t\t\t<p><span style=\"font-weight: 400;\">Les<\/span><b> peintres BTP<\/b><span style=\"font-weight: 400;\"> d&rsquo;ext\u00e9rieur sont des professionnels qui s&rsquo;occupent de la peinture des b\u00e2timents et des infrastructures ext\u00e9rieures. Ils travaillent sur <\/span><b>tous types de surfaces<\/b><span style=\"font-weight: 400;\">, telles que le b\u00e9ton, le bois, le m\u00e9tal ou la pierre.<\/span><\/p><p data-sourcepos=\"3:1-3:229\"><span style=\"font-weight: 400;\">Le m\u00e9tier de <\/span><b>peintre BTP<\/b><span style=\"font-weight: 400;\"> d&rsquo;ext\u00e9rieur est essentiel pour la protection et l&rsquo;entretien des b\u00e2timents et des infrastructures. La peinture permet de prot\u00e9ger les surfaces des intemp\u00e9ries, des agressions ext\u00e9rieures et de l&rsquo;usure. Elle permet \u00e9galement de donner un aspect esth\u00e9tique aux b\u00e2timents et aux infrastructures.<\/span><\/p>\t\t\t\t\t\t\t\t<\/div>\n\t\t\t\t<\/div>\n\t\t\t\t<\/div>\n\t\t<div class=\"elementor-element elementor-element-33b4808d e-con-full e-flex e-con e-child\" data-id=\"33b4808d\" data-element_type=\"container\" data-e-type=\"container\">\n\t\t\t\t<div class=\"elementor-element elementor-element-15e7a0a2 elementor-widget elementor-widget-image\" data-id=\"15e7a0a2\" data-element_type=\"widget\" data-e-type=\"widget\" data-widget_type=\"image.default\">\n\t\t\t\t<div class=\"elementor-widget-container\">\n\t\t\t\t\t\t\t\t\t\t\t\t\t\t\t<img decoding=\"async\" width=\"500\" height=\"375\" src=\"https:\/\/hauteprovencerenovation.com\/wp-content\/uploads\/2023\/12\/Peinture-exterieur-Peintre-BTP-Haute-Provence-Renovation.webp\" class=\"elementor-animation-grow attachment-large size-large wp-image-1129\" alt=\"Peinture exte\u0301rieur Peintre BTP Haute Provence Renovation\" srcset=\"https:\/\/hauteprovencerenovation.com\/wp-content\/uploads\/2023\/12\/Peinture-exterieur-Peintre-BTP-Haute-Provence-Renovation.webp 500w, https:\/\/hauteprovencerenovation.com\/wp-content\/uploads\/2023\/12\/Peinture-exterieur-Peintre-BTP-Haute-Provence-Renovation-300x225.webp 300w\" sizes=\"(max-width: 500px) 100vw, 500px\" \/>\t\t\t\t\t\t\t\t\t\t\t\t\t\t\t<\/div>\n\t\t\t\t<\/div>\n\t\t\t\t<\/div>\n\t\t\t\t\t<\/div>\n\t\t\t\t<\/div>\n\t\t<div class=\"elementor-element elementor-element-3c120ccd e-flex e-con-boxed e-con e-parent\" data-id=\"3c120ccd\" data-element_type=\"container\" data-e-type=\"container\" data-settings=\"{&quot;background_background&quot;:&quot;classic&quot;}\">\n\t\t\t\t\t<div class=\"e-con-inner\">\n\t\t<div class=\"elementor-element elementor-element-4b0fce8c e-con-full e-flex e-con e-child\" data-id=\"4b0fce8c\" data-element_type=\"container\" data-e-type=\"container\" data-settings=\"{&quot;background_background&quot;:&quot;classic&quot;}\">\n\t\t\t\t<div class=\"elementor-element elementor-element-4a1594f3 elementor-widget elementor-widget-heading\" data-id=\"4a1594f3\" data-element_type=\"widget\" data-e-type=\"widget\" data-widget_type=\"heading.default\">\n\t\t\t\t<div class=\"elementor-widget-container\">\n\t\t\t\t\t<h3 class=\"elementor-heading-title elementor-size-default\">Nous r\u00e9alisons nos travaux dans les villes et communes du 04 et 05.<\/h3>\t\t\t\t<\/div>\n\t\t\t\t<\/div>\n\t\t\t\t<\/div>\n\t\t\t\t\t<\/div>\n\t\t\t\t<\/div>\n\t\t\t\t<\/div>\n\t\t","protected":false},"excerpt":{"rendered":"<p>Peintre BTP Vos peintres BTP disponibles dans les communes et villes du 04 et 05. Obtenir un devis Peintre BTP disponible pour peinture int\u00e9rieur et ext\u00e9rieur Peintre BTP &#8211; Peinture d&rsquo;Int\u00e9rieur Les peintres BTP sont sp\u00e9cialis\u00e9s dans la peinture int\u00e9rieure. Ils ma\u00eetrisent les diff\u00e9rentes techniques de peinture, et ils savent choisir les couleurs et les [&hellip;]<\/p>\n","protected":false},"author":1,"featured_media":0,"parent":0,"menu_order":0,"comment_status":"closed","ping_status":"closed","template":"","meta":{"om_disable_all_campaigns":false,"_monsterinsights_skip_tracking":false,"_monsterinsights_sitenote_active":false,"_monsterinsights_sitenote_note":"","_monsterinsights_sitenote_category":0,"footnotes":""},"class_list":["post-37","page","type-page","status-publish","hentry"],"aioseo_notices":[],"_links":{"self":[{"href":"https:\/\/hauteprovencerenovation.com\/index.php\/wp-json\/wp\/v2\/pages\/37","targetHints":{"allow":["GET"]}}],"collection":[{"href":"https:\/\/hauteprovencerenovation.com\/index.php\/wp-json\/wp\/v2\/pages"}],"about":[{"href":"https:\/\/hauteprovencerenovation.com\/index.php\/wp-json\/wp\/v2\/types\/page"}],"author":[{"embeddable":true,"href":"https:\/\/hauteprovencerenovation.com\/index.php\/wp-json\/wp\/v2\/users\/1"}],"replies":[{"embeddable":true,"href":"https:\/\/hauteprovencerenovation.com\/index.php\/wp-json\/wp\/v2\/comments?post=37"}],"version-history":[{"count":49,"href":"https:\/\/hauteprovencerenovation.com\/index.php\/wp-json\/wp\/v2\/pages\/37\/revisions"}],"predecessor-version":[{"id":1454,"href":"https:\/\/hauteprovencerenovation.com\/index.php\/wp-json\/wp\/v2\/pages\/37\/revisions\/1454"}],"wp:attachment":[{"href":"https:\/\/hauteprovencerenovation.com\/index.php\/wp-json\/wp\/v2\/media?parent=37"}],"curies":[{"name":"wp","href":"https:\/\/api.w.org\/{rel}","templated":true}]}}