{"id":41,"date":"2023-12-15T11:24:07","date_gmt":"2023-12-15T10:24:07","guid":{"rendered":"https:\/\/hauteprovencerenovation.com\/?page_id=41"},"modified":"2025-10-17T14:54:46","modified_gmt":"2025-10-17T12:54:46","slug":"plomberie-et-electricite","status":"publish","type":"page","link":"https:\/\/hauteprovencerenovation.com\/index.php\/plomberie-et-electricite\/","title":{"rendered":"Plomberie et Electricit\u00e9"},"content":{"rendered":"\t\t<div data-elementor-type=\"wp-page\" data-elementor-id=\"41\" class=\"elementor elementor-41\" data-elementor-post-type=\"page\">\n\t\t\t\t<div class=\"elementor-element elementor-element-3871344b elementor-hidden-mobile e-flex e-con-boxed e-con e-parent\" data-id=\"3871344b\" data-element_type=\"container\" data-e-type=\"container\" data-settings=\"{&quot;background_background&quot;:&quot;classic&quot;}\">\n\t\t\t\t\t<div class=\"e-con-inner\">\n\t\t\t\t<div class=\"elementor-element elementor-element-29c9b3f9 elementor-widget elementor-widget-heading\" data-id=\"29c9b3f9\" data-element_type=\"widget\" data-e-type=\"widget\" data-widget_type=\"heading.default\">\n\t\t\t\t<div class=\"elementor-widget-container\">\n\t\t\t\t\t<h1 class=\"elementor-heading-title elementor-size-default\">Plombier et \u00c9lectricien <\/h1>\t\t\t\t<\/div>\n\t\t\t\t<\/div>\n\t\t\t\t<div class=\"elementor-element elementor-element-ba1f81d elementor-widget elementor-widget-heading\" data-id=\"ba1f81d\" data-element_type=\"widget\" data-e-type=\"widget\" data-widget_type=\"heading.default\">\n\t\t\t\t<div class=\"elementor-widget-container\">\n\t\t\t\t\t<h2 class=\"elementor-heading-title elementor-size-default\">Vos plombiers \u00e9lectriciens disponibles dans les communes<br>et villes du 04 et 05.<\/h2>\t\t\t\t<\/div>\n\t\t\t\t<\/div>\n\t\t\t\t<div class=\"elementor-element elementor-element-10912f93 elementor-align-center elementor-widget elementor-widget-button\" data-id=\"10912f93\" data-element_type=\"widget\" data-e-type=\"widget\" data-widget_type=\"button.default\">\n\t\t\t\t<div class=\"elementor-widget-container\">\n\t\t\t\t\t\t\t\t\t<div class=\"elementor-button-wrapper\">\n\t\t\t\t\t<a class=\"elementor-button elementor-button-link elementor-size-lg elementor-animation-grow\" href=\"https:\/\/hauteprovencerenovation.com\/index.php\/devis\/#devis\">\n\t\t\t\t\t\t<span class=\"elementor-button-content-wrapper\">\n\t\t\t\t\t\t\t\t\t<span class=\"elementor-button-text\">Obtenir un devis<\/span>\n\t\t\t\t\t<\/span>\n\t\t\t\t\t<\/a>\n\t\t\t\t<\/div>\n\t\t\t\t\t\t\t\t<\/div>\n\t\t\t\t<\/div>\n\t\t\t\t\t<\/div>\n\t\t\t\t<\/div>\n\t\t<div class=\"elementor-element elementor-element-5c586045 e-flex e-con-boxed e-con e-parent\" data-id=\"5c586045\" data-element_type=\"container\" data-e-type=\"container\">\n\t\t\t\t\t<div class=\"e-con-inner\">\n\t\t\t\t<div class=\"elementor-element elementor-element-5306beb0 elementor-widget elementor-widget-heading\" data-id=\"5306beb0\" data-element_type=\"widget\" data-e-type=\"widget\" data-widget_type=\"heading.default\">\n\t\t\t\t<div class=\"elementor-widget-container\">\n\t\t\t\t\t<h3 class=\"elementor-heading-title elementor-size-default\">Besoin d'un plombier ou d'un \u00e9lectricien ? <\/h3>\t\t\t\t<\/div>\n\t\t\t\t<\/div>\n\t\t\t\t\t<\/div>\n\t\t\t\t<\/div>\n\t\t<div class=\"elementor-element elementor-element-7eab6c3b e-flex e-con-boxed e-con e-parent\" data-id=\"7eab6c3b\" data-element_type=\"container\" data-e-type=\"container\">\n\t\t\t\t\t<div class=\"e-con-inner\">\n\t\t\t\t<div class=\"elementor-element elementor-element-26378383 elementor-widget-divider--view-line elementor-widget elementor-widget-divider\" data-id=\"26378383\" data-element_type=\"widget\" data-e-type=\"widget\" data-widget_type=\"divider.default\">\n\t\t\t\t<div class=\"elementor-widget-container\">\n\t\t\t\t\t\t\t<div class=\"elementor-divider\">\n\t\t\t<span class=\"elementor-divider-separator\">\n\t\t\t\t\t\t<\/span>\n\t\t<\/div>\n\t\t\t\t\t\t<\/div>\n\t\t\t\t<\/div>\n\t\t\t\t\t<\/div>\n\t\t\t\t<\/div>\n\t\t<div class=\"elementor-element elementor-element-4263be6b e-flex e-con-boxed e-con e-parent\" data-id=\"4263be6b\" data-element_type=\"container\" data-e-type=\"container\">\n\t\t\t\t\t<div class=\"e-con-inner\">\n\t\t<div class=\"elementor-element elementor-element-2fce3c00 e-con-full e-flex e-con e-child\" data-id=\"2fce3c00\" data-element_type=\"container\" data-e-type=\"container\">\n\t\t\t\t<div class=\"elementor-element elementor-element-7741bc3e elementor-widget elementor-widget-image\" data-id=\"7741bc3e\" data-element_type=\"widget\" data-e-type=\"widget\" data-widget_type=\"image.default\">\n\t\t\t\t<div class=\"elementor-widget-container\">\n\t\t\t\t\t\t\t\t\t\t\t\t\t\t\t<img fetchpriority=\"high\" decoding=\"async\" width=\"500\" height=\"334\" src=\"https:\/\/hauteprovencerenovation.com\/wp-content\/uploads\/2023\/12\/Plombier-Electricien-Haute-Provence-Renovation-04-et-05.webp\" class=\"elementor-animation-grow attachment-large size-large wp-image-1154\" alt=\"Plombier Electricien Haute Provence Renovation 04 et 05\" srcset=\"https:\/\/hauteprovencerenovation.com\/wp-content\/uploads\/2023\/12\/Plombier-Electricien-Haute-Provence-Renovation-04-et-05.webp 500w, https:\/\/hauteprovencerenovation.com\/wp-content\/uploads\/2023\/12\/Plombier-Electricien-Haute-Provence-Renovation-04-et-05-300x200.webp 300w\" sizes=\"(max-width: 500px) 100vw, 500px\" \/>\t\t\t\t\t\t\t\t\t\t\t\t\t\t\t<\/div>\n\t\t\t\t<\/div>\n\t\t\t\t<\/div>\n\t\t<div class=\"elementor-element elementor-element-a6ee569 e-con-full e-flex e-con e-child\" data-id=\"a6ee569\" data-element_type=\"container\" data-e-type=\"container\">\n\t\t\t\t<div class=\"elementor-element elementor-element-12c92c19 elementor-widget elementor-widget-heading\" data-id=\"12c92c19\" data-element_type=\"widget\" data-e-type=\"widget\" data-widget_type=\"heading.default\">\n\t\t\t\t<div class=\"elementor-widget-container\">\n\t\t\t\t\t<h2 class=\"elementor-heading-title elementor-size-default\">Plombier 04 &amp; 05<\/h2>\t\t\t\t<\/div>\n\t\t\t\t<\/div>\n\t\t\t\t<div class=\"elementor-element elementor-element-61cf6e27 elementor-widget elementor-widget-text-editor\" data-id=\"61cf6e27\" data-element_type=\"widget\" data-e-type=\"widget\" data-widget_type=\"text-editor.default\">\n\t\t\t\t<div class=\"elementor-widget-container\">\n\t\t\t\t\t\t\t\t\t<p>Les plombiers sont des <strong>professionnels qualifi\u00e9s<\/strong> qui s&rsquo;occupent de l&rsquo;installation, de la r\u00e9paration et de l&rsquo;entretien des syst\u00e8mes de plomberie. Ils sont essentiels \u00e0 la bonne \u00e9vacuation des eaux us\u00e9es et \u00e0 la fourniture d&rsquo;eau potable.<\/p><p data-sourcepos=\"11:1-11:71\">Voici quelques exemples de travaux que peuvent r\u00e9aliser les plombiers :<\/p><p><strong>Installation de sanitaires<\/strong><\/p><p><strong>R\u00e9paration de fuites d&rsquo;eau<\/strong><\/p><p><strong>D\u00e9bouchage de canalisations<\/strong><\/p><p><strong>Installation de climatisation<\/strong><\/p>\t\t\t\t\t\t\t\t<\/div>\n\t\t\t\t<\/div>\n\t\t\t\t<\/div>\n\t\t\t\t\t<\/div>\n\t\t\t\t<\/div>\n\t\t<div class=\"elementor-element elementor-element-19451498 e-flex e-con-boxed e-con e-parent\" data-id=\"19451498\" data-element_type=\"container\" data-e-type=\"container\" data-settings=\"{&quot;background_background&quot;:&quot;classic&quot;}\">\n\t\t\t\t\t<div class=\"e-con-inner\">\n\t\t\t\t<div class=\"elementor-element elementor-element-b7987af elementor-widget elementor-widget-heading\" data-id=\"b7987af\" data-element_type=\"widget\" data-e-type=\"widget\" data-widget_type=\"heading.default\">\n\t\t\t\t<div class=\"elementor-widget-container\">\n\t\t\t\t\t<h3 class=\"elementor-heading-title elementor-size-default\"><a href=\"tel:+33699494330\">Besoins d'un plombier \u00e9lectricien ? Contactez-nous au 06 99 49 43 30 <\/a><\/h3>\t\t\t\t<\/div>\n\t\t\t\t<\/div>\n\t\t\t\t\t<\/div>\n\t\t\t\t<\/div>\n\t\t<div class=\"elementor-element elementor-element-2ba9c31c e-flex e-con-boxed e-con e-parent\" data-id=\"2ba9c31c\" data-element_type=\"container\" data-e-type=\"container\">\n\t\t\t\t\t<div class=\"e-con-inner\">\n\t\t<div class=\"elementor-element elementor-element-49d1c883 e-con-full e-flex e-con e-child\" data-id=\"49d1c883\" data-element_type=\"container\" data-e-type=\"container\">\n\t\t\t\t<div class=\"elementor-element elementor-element-2e0f5eae elementor-widget elementor-widget-heading\" data-id=\"2e0f5eae\" data-element_type=\"widget\" data-e-type=\"widget\" data-widget_type=\"heading.default\">\n\t\t\t\t<div class=\"elementor-widget-container\">\n\t\t\t\t\t<h2 class=\"elementor-heading-title elementor-size-default\">Electricien 04 &amp; 05<\/h2>\t\t\t\t<\/div>\n\t\t\t\t<\/div>\n\t\t\t\t<div class=\"elementor-element elementor-element-7bfab1c3 elementor-widget elementor-widget-text-editor\" data-id=\"7bfab1c3\" data-element_type=\"widget\" data-e-type=\"widget\" data-widget_type=\"text-editor.default\">\n\t\t\t\t<div class=\"elementor-widget-container\">\n\t\t\t\t\t\t\t\t\t<p>Les <strong>\u00e9lectriciens<\/strong> sont des <strong>professionnels qualifi\u00e9s<\/strong> qui s&rsquo;occupent de l&rsquo;installation, de la maintenance et de la r\u00e9paration des installations \u00e9lectriques. Ils sont essentiels \u00e0 la s\u00e9curit\u00e9 et au confort de votre <strong>habitation ou de votre entreprise<\/strong>.<\/p><p data-sourcepos=\"9:1-9:78\">Voici quelques exemples de travaux que peuvent r\u00e9aliser les \u00e9lectriciens :<\/p><p><strong>Installation d&rsquo;une nouvelle installation \u00e9lectrique<\/strong><\/p><p><strong>R\u00e9novation d&rsquo;une installation \u00e9lectrique existante<\/strong><\/p><p><strong>Raccordement d&rsquo;un appareil \u00e9lectrique<\/strong><\/p><p><strong>D\u00e9pannage d&rsquo;une panne \u00e9lectrique<\/strong><\/p><p><strong>Installation d&rsquo;un syst\u00e8me de s\u00e9curit\u00e9 \u00e9lectrique<\/strong><\/p>\t\t\t\t\t\t\t\t<\/div>\n\t\t\t\t<\/div>\n\t\t\t\t<\/div>\n\t\t<div class=\"elementor-element elementor-element-2efa2e85 e-con-full e-flex e-con e-child\" data-id=\"2efa2e85\" data-element_type=\"container\" data-e-type=\"container\">\n\t\t\t\t<div class=\"elementor-element elementor-element-3bc4903f elementor-widget elementor-widget-image\" data-id=\"3bc4903f\" data-element_type=\"widget\" data-e-type=\"widget\" data-widget_type=\"image.default\">\n\t\t\t\t<div class=\"elementor-widget-container\">\n\t\t\t\t\t\t\t\t\t\t\t\t\t\t\t<img decoding=\"async\" width=\"500\" height=\"667\" src=\"https:\/\/hauteprovencerenovation.com\/wp-content\/uploads\/2023\/12\/Electricite-Haute-Provence-Renovation-Plombier-Electricien-04-et-05.webp\" class=\"elementor-animation-grow attachment-large size-large wp-image-1150\" alt=\"Electricite\u0301 Haute Provence Renovation Plombier Electricien 04 et 05\" srcset=\"https:\/\/hauteprovencerenovation.com\/wp-content\/uploads\/2023\/12\/Electricite-Haute-Provence-Renovation-Plombier-Electricien-04-et-05.webp 500w, https:\/\/hauteprovencerenovation.com\/wp-content\/uploads\/2023\/12\/Electricite-Haute-Provence-Renovation-Plombier-Electricien-04-et-05-225x300.webp 225w\" sizes=\"(max-width: 500px) 100vw, 500px\" \/>\t\t\t\t\t\t\t\t\t\t\t\t\t\t\t<\/div>\n\t\t\t\t<\/div>\n\t\t\t\t<\/div>\n\t\t\t\t\t<\/div>\n\t\t\t\t<\/div>\n\t\t<div class=\"elementor-element elementor-element-31dcbbff e-flex e-con-boxed e-con e-parent\" data-id=\"31dcbbff\" data-element_type=\"container\" data-e-type=\"container\" data-settings=\"{&quot;background_background&quot;:&quot;classic&quot;}\">\n\t\t\t\t\t<div class=\"e-con-inner\">\n\t\t<div class=\"elementor-element elementor-element-7dd4aadf e-con-full e-flex e-con e-child\" data-id=\"7dd4aadf\" data-element_type=\"container\" data-e-type=\"container\" data-settings=\"{&quot;background_background&quot;:&quot;classic&quot;}\">\n\t\t\t\t<div class=\"elementor-element elementor-element-54d63626 elementor-widget elementor-widget-heading\" data-id=\"54d63626\" data-element_type=\"widget\" data-e-type=\"widget\" data-widget_type=\"heading.default\">\n\t\t\t\t<div class=\"elementor-widget-container\">\n\t\t\t\t\t<h3 class=\"elementor-heading-title elementor-size-default\">Nous r\u00e9alisons nos travaux dans les villes et communes du 04 et 05.<\/h3>\t\t\t\t<\/div>\n\t\t\t\t<\/div>\n\t\t\t\t<\/div>\n\t\t\t\t\t<\/div>\n\t\t\t\t<\/div>\n\t\t\t\t<\/div>\n\t\t","protected":false},"excerpt":{"rendered":"<p>Plombier et \u00c9lectricien Vos plombiers \u00e9lectriciens disponibles dans les communeset villes du 04 et 05. Obtenir un devis Besoin d&rsquo;un plombier ou d&rsquo;un \u00e9lectricien ? Plombier 04 &amp; 05 Les plombiers sont des professionnels qualifi\u00e9s qui s&rsquo;occupent de l&rsquo;installation, de la r\u00e9paration et de l&rsquo;entretien des syst\u00e8mes de plomberie. Ils sont essentiels \u00e0 la bonne [&hellip;]<\/p>\n","protected":false},"author":1,"featured_media":0,"parent":0,"menu_order":0,"comment_status":"closed","ping_status":"closed","template":"","meta":{"om_disable_all_campaigns":false,"_monsterinsights_skip_tracking":false,"_monsterinsights_sitenote_active":false,"_monsterinsights_sitenote_note":"","_monsterinsights_sitenote_category":0,"footnotes":""},"class_list":["post-41","page","type-page","status-publish","hentry"],"aioseo_notices":[],"_links":{"self":[{"href":"https:\/\/hauteprovencerenovation.com\/index.php\/wp-json\/wp\/v2\/pages\/41","targetHints":{"allow":["GET"]}}],"collection":[{"href":"https:\/\/hauteprovencerenovation.com\/index.php\/wp-json\/wp\/v2\/pages"}],"about":[{"href":"https:\/\/hauteprovencerenovation.com\/index.php\/wp-json\/wp\/v2\/types\/page"}],"author":[{"embeddable":true,"href":"https:\/\/hauteprovencerenovation.com\/index.php\/wp-json\/wp\/v2\/users\/1"}],"replies":[{"embeddable":true,"href":"https:\/\/hauteprovencerenovation.com\/index.php\/wp-json\/wp\/v2\/comments?post=41"}],"version-history":[{"count":46,"href":"https:\/\/hauteprovencerenovation.com\/index.php\/wp-json\/wp\/v2\/pages\/41\/revisions"}],"predecessor-version":[{"id":1461,"href":"https:\/\/hauteprovencerenovation.com\/index.php\/wp-json\/wp\/v2\/pages\/41\/revisions\/1461"}],"wp:attachment":[{"href":"https:\/\/hauteprovencerenovation.com\/index.php\/wp-json\/wp\/v2\/media?parent=41"}],"curies":[{"name":"wp","href":"https:\/\/api.w.org\/{rel}","templated":true}]}}