{"id":423,"date":"2023-12-19T09:41:07","date_gmt":"2023-12-19T08:41:07","guid":{"rendered":"https:\/\/hauteprovencerenovation.com\/?page_id=423"},"modified":"2025-10-16T15:55:45","modified_gmt":"2025-10-16T13:55:45","slug":"lequipe","status":"publish","type":"page","link":"https:\/\/hauteprovencerenovation.com\/index.php\/lequipe\/","title":{"rendered":"L&rsquo;\u00c9quipe"},"content":{"rendered":"\t\t<div data-elementor-type=\"wp-page\" data-elementor-id=\"423\" class=\"elementor elementor-423\" data-elementor-post-type=\"page\">\n\t\t\t\t<div class=\"elementor-element elementor-element-5082b6be elementor-hidden-mobile e-flex e-con-boxed e-con e-parent\" data-id=\"5082b6be\" data-element_type=\"container\" data-e-type=\"container\" data-settings=\"{&quot;background_background&quot;:&quot;classic&quot;}\">\n\t\t\t\t\t<div class=\"e-con-inner\">\n\t\t\t\t<div class=\"elementor-element elementor-element-1270177a elementor-widget elementor-widget-heading\" data-id=\"1270177a\" data-element_type=\"widget\" data-e-type=\"widget\" data-widget_type=\"heading.default\">\n\t\t\t\t<div class=\"elementor-widget-container\">\n\t\t\t\t\t<h1 class=\"elementor-heading-title elementor-size-default\">Professionnels du b\u00e2timent <\/h1>\t\t\t\t<\/div>\n\t\t\t\t<\/div>\n\t\t\t\t<div class=\"elementor-element elementor-element-2eda7aa elementor-widget elementor-widget-heading\" data-id=\"2eda7aa\" data-element_type=\"widget\" data-e-type=\"widget\" data-widget_type=\"heading.default\">\n\t\t\t\t<div class=\"elementor-widget-container\">\n\t\t\t\t\t<h2 class=\"elementor-heading-title elementor-size-default\">Vos professionnels du b\u00e2timent disponible dans les communes et villes du 04 et 05 <\/h2>\t\t\t\t<\/div>\n\t\t\t\t<\/div>\n\t\t\t\t<div class=\"elementor-element elementor-element-38d1605 elementor-align-center elementor-widget elementor-widget-button\" data-id=\"38d1605\" data-element_type=\"widget\" data-e-type=\"widget\" data-widget_type=\"button.default\">\n\t\t\t\t<div class=\"elementor-widget-container\">\n\t\t\t\t\t\t\t\t\t<div class=\"elementor-button-wrapper\">\n\t\t\t\t\t<a class=\"elementor-button elementor-button-link elementor-size-lg elementor-animation-grow\" href=\"https:\/\/hauteprovencerenovation.com\/index.php\/devis\/#devis\">\n\t\t\t\t\t\t<span class=\"elementor-button-content-wrapper\">\n\t\t\t\t\t\t\t\t\t<span class=\"elementor-button-text\">Contactez-nous !<\/span>\n\t\t\t\t\t<\/span>\n\t\t\t\t\t<\/a>\n\t\t\t\t<\/div>\n\t\t\t\t\t\t\t\t<\/div>\n\t\t\t\t<\/div>\n\t\t\t\t\t<\/div>\n\t\t\t\t<\/div>\n\t\t<div class=\"elementor-element elementor-element-5bf7707f e-flex e-con-boxed e-con e-parent\" data-id=\"5bf7707f\" data-element_type=\"container\" data-e-type=\"container\">\n\t\t\t\t\t<div class=\"e-con-inner\">\n\t\t\t\t<div class=\"elementor-element elementor-element-184a4841 elementor-widget-divider--view-line elementor-widget elementor-widget-divider\" data-id=\"184a4841\" data-element_type=\"widget\" data-e-type=\"widget\" data-widget_type=\"divider.default\">\n\t\t\t\t<div class=\"elementor-widget-container\">\n\t\t\t\t\t\t\t<div class=\"elementor-divider\">\n\t\t\t<span class=\"elementor-divider-separator\">\n\t\t\t\t\t\t<\/span>\n\t\t<\/div>\n\t\t\t\t\t\t<\/div>\n\t\t\t\t<\/div>\n\t\t\t\t\t<\/div>\n\t\t\t\t<\/div>\n\t\t<div class=\"elementor-element elementor-element-186d03be e-flex e-con-boxed e-con e-parent\" data-id=\"186d03be\" data-element_type=\"container\" data-e-type=\"container\">\n\t\t\t\t\t<div class=\"e-con-inner\">\n\t\t<div class=\"elementor-element elementor-element-c4e1f76 e-con-full e-flex e-con e-child\" data-id=\"c4e1f76\" data-element_type=\"container\" data-e-type=\"container\">\n\t\t\t\t<div class=\"elementor-element elementor-element-4badfd1d elementor-widget elementor-widget-heading\" data-id=\"4badfd1d\" data-element_type=\"widget\" data-e-type=\"widget\" data-widget_type=\"heading.default\">\n\t\t\t\t<div class=\"elementor-widget-container\">\n\t\t\t\t\t<h2 class=\"elementor-heading-title elementor-size-default\">Professionnels du b\u00e2timent disponibles<\/h2>\t\t\t\t<\/div>\n\t\t\t\t<\/div>\n\t\t\t\t<div class=\"elementor-element elementor-element-26bc6461 elementor-widget elementor-widget-text-editor\" data-id=\"26bc6461\" data-element_type=\"widget\" data-e-type=\"widget\" data-widget_type=\"text-editor.default\">\n\t\t\t\t<div class=\"elementor-widget-container\">\n\t\t\t\t\t\t\t\t\t<p data-sourcepos=\"1:1-1:202\">Haute Provence R\u00e9novation, c\u2019est une quinzaine de <strong>professionnels du b\u00e2timent<\/strong>, form\u00e9es aux m\u00e9tiers du b\u00e2timent, et \u00e9voluant dans un principe de <strong>compagnonnage<\/strong>, sous la direction d&rsquo;Ernesto Lentisco.<\/p><p data-sourcepos=\"3:1-3:225\">Nos responsables et leurs \u00e9quipes sont \u00e0 votre \u00e9coute pour respecter vos envies et votre b\u00e2ti, pour \u00e9tablir ensemble un projet coh\u00e9rent et vous proposer des solutions adapt\u00e9es et durables, conformes aux normes en vigueur.<\/p><p data-sourcepos=\"5:1-5:183\">Particuliers ou professionnels, nous r\u00e9pondons \u00e0 votre demande, avec la garantie d\u2019un travail de qualit\u00e9, r\u00e9alis\u00e9 par des <strong>professionnels du b\u00e2timent<\/strong> exp\u00e9riment\u00e9s et qualifi\u00e9s.<\/p>\t\t\t\t\t\t\t\t<\/div>\n\t\t\t\t<\/div>\n\t\t\t\t<\/div>\n\t\t<div class=\"elementor-element elementor-element-936bb98 e-con-full e-flex e-con e-child\" data-id=\"936bb98\" data-element_type=\"container\" data-e-type=\"container\">\n\t\t\t\t<div class=\"elementor-element elementor-element-7cc663b6 elementor-widget elementor-widget-image\" data-id=\"7cc663b6\" data-element_type=\"widget\" data-e-type=\"widget\" data-widget_type=\"image.default\">\n\t\t\t\t<div class=\"elementor-widget-container\">\n\t\t\t\t\t\t\t\t\t\t\t\t\t\t\t<img fetchpriority=\"high\" decoding=\"async\" width=\"769\" height=\"583\" src=\"https:\/\/hauteprovencerenovation.com\/wp-content\/uploads\/2023\/12\/Salarie-professionnels-batiment-Haute-Provence-Renovation.webp\" class=\"elementor-animation-grow attachment-large size-large wp-image-1279\" alt=\"Salarie\u0301 professionnels ba\u0302timent Haute Provence Renovation\" srcset=\"https:\/\/hauteprovencerenovation.com\/wp-content\/uploads\/2023\/12\/Salarie-professionnels-batiment-Haute-Provence-Renovation.webp 769w, https:\/\/hauteprovencerenovation.com\/wp-content\/uploads\/2023\/12\/Salarie-professionnels-batiment-Haute-Provence-Renovation-300x227.webp 300w\" sizes=\"(max-width: 769px) 100vw, 769px\" \/>\t\t\t\t\t\t\t\t\t\t\t\t\t\t\t<\/div>\n\t\t\t\t<\/div>\n\t\t\t\t<\/div>\n\t\t\t\t\t<\/div>\n\t\t\t\t<\/div>\n\t\t<div class=\"elementor-element elementor-element-22e75b9 e-flex e-con-boxed e-con e-parent\" data-id=\"22e75b9\" data-element_type=\"container\" data-e-type=\"container\" data-settings=\"{&quot;background_background&quot;:&quot;classic&quot;}\">\n\t\t\t\t\t<div class=\"e-con-inner\">\n\t\t\t\t<div class=\"elementor-element elementor-element-53c39143 elementor-widget elementor-widget-heading\" data-id=\"53c39143\" data-element_type=\"widget\" data-e-type=\"widget\" data-widget_type=\"heading.default\">\n\t\t\t\t<div class=\"elementor-widget-container\">\n\t\t\t\t\t<h3 class=\"elementor-heading-title elementor-size-default\"><a href=\"tel:+33699494330\">Besoins de travaux par des professionnels du b\u00e2timent  ? Contactez-nous !<\/a><\/h3>\t\t\t\t<\/div>\n\t\t\t\t<\/div>\n\t\t\t\t\t<\/div>\n\t\t\t\t<\/div>\n\t\t<div class=\"elementor-element elementor-element-32f48ee7 e-flex e-con-boxed e-con e-parent\" data-id=\"32f48ee7\" data-element_type=\"container\" data-e-type=\"container\">\n\t\t\t\t\t<div class=\"e-con-inner\">\n\t\t<div class=\"elementor-element elementor-element-446be096 e-con-full e-flex e-con e-child\" data-id=\"446be096\" data-element_type=\"container\" data-e-type=\"container\">\n\t\t\t\t<div class=\"elementor-element elementor-element-6e50a9ea elementor-widget elementor-widget-image\" data-id=\"6e50a9ea\" data-element_type=\"widget\" data-e-type=\"widget\" data-widget_type=\"image.default\">\n\t\t\t\t<div class=\"elementor-widget-container\">\n\t\t\t\t\t\t\t\t\t\t\t\t\t\t\t<img decoding=\"async\" width=\"500\" height=\"268\" src=\"https:\/\/hauteprovencerenovation.com\/wp-content\/uploads\/2023\/12\/Professionnels-batiment-Haute-Provence-Renovation.webp\" class=\"elementor-animation-grow attachment-large size-large wp-image-1275\" alt=\"Professionnels ba\u0302timent Haute Provence Renovation\" srcset=\"https:\/\/hauteprovencerenovation.com\/wp-content\/uploads\/2023\/12\/Professionnels-batiment-Haute-Provence-Renovation.webp 500w, https:\/\/hauteprovencerenovation.com\/wp-content\/uploads\/2023\/12\/Professionnels-batiment-Haute-Provence-Renovation-300x161.webp 300w\" sizes=\"(max-width: 500px) 100vw, 500px\" \/>\t\t\t\t\t\t\t\t\t\t\t\t\t\t\t<\/div>\n\t\t\t\t<\/div>\n\t\t\t\t<\/div>\n\t\t<div class=\"elementor-element elementor-element-31cdd5cc e-con-full e-flex e-con e-child\" data-id=\"31cdd5cc\" data-element_type=\"container\" data-e-type=\"container\">\n\t\t\t\t<div class=\"elementor-element elementor-element-322c662e elementor-widget elementor-widget-heading\" data-id=\"322c662e\" data-element_type=\"widget\" data-e-type=\"widget\" data-widget_type=\"heading.default\">\n\t\t\t\t<div class=\"elementor-widget-container\">\n\t\t\t\t\t<h3 class=\"elementor-heading-title elementor-size-default\">Des compagnons transform\u00e9s<br>en pro du b\u00e2timent<\/h3>\t\t\t\t<\/div>\n\t\t\t\t<\/div>\n\t\t\t\t<div class=\"elementor-element elementor-element-21cbbee3 elementor-widget elementor-widget-text-editor\" data-id=\"21cbbee3\" data-element_type=\"widget\" data-e-type=\"widget\" data-widget_type=\"text-editor.default\">\n\t\t\t\t<div class=\"elementor-widget-container\">\n\t\t\t\t\t\t\t\t\t<p>Le compagnonnage est une formation compl\u00e8te pour les <strong>professionnels du b\u00e2timent<\/strong>, qui permet aux compagnons d&rsquo;acqu\u00e9rir les comp\u00e9tences techniques, sociales et humaines n\u00e9cessaires \u00e0 la r\u00e9ussite dans ce secteur.<\/p><p>Les compagnons exercent une grande vari\u00e9t\u00e9 de m\u00e9tiers dans le <strong>b\u00e2timent<\/strong>, tels que la charpente, la ma\u00e7onnerie, la plomberie, la peinture, l&rsquo;\u00e9lectricit\u00e9, etc. Ces m\u00e9tiers sont tous indispensables \u00e0 la construction et \u00e0 la <strong>r\u00e9novation des b\u00e2timents<\/strong>.<\/p><p>Le compagnonnage est une voie de <strong>formation valorisante<\/strong>, qui offre aux compagnons de nombreuses opportunit\u00e9s de carri\u00e8re. Ces opportunit\u00e9s sont d&rsquo;autant plus nombreuses que les <strong>professionnels du b\u00e2timent<\/strong> ont besoin de main-d&rsquo;\u0153uvre <strong>qualifi\u00e9e et exp\u00e9riment\u00e9e<\/strong>.<\/p>\t\t\t\t\t\t\t\t<\/div>\n\t\t\t\t<\/div>\n\t\t\t\t<div class=\"elementor-element elementor-element-10f5a3c6 elementor-align-right elementor-widget elementor-widget-button\" data-id=\"10f5a3c6\" data-element_type=\"widget\" data-e-type=\"widget\" data-widget_type=\"button.default\">\n\t\t\t\t<div class=\"elementor-widget-container\">\n\t\t\t\t\t\t\t\t\t<div class=\"elementor-button-wrapper\">\n\t\t\t\t\t<a class=\"elementor-button elementor-button-link elementor-size-sm elementor-animation-grow\" href=\"https:\/\/hauteprovencerenovation.com\/index.php\/devis\/\">\n\t\t\t\t\t\t<span class=\"elementor-button-content-wrapper\">\n\t\t\t\t\t\t\t\t\t<span class=\"elementor-button-text\">Contactez-nous<\/span>\n\t\t\t\t\t<\/span>\n\t\t\t\t\t<\/a>\n\t\t\t\t<\/div>\n\t\t\t\t\t\t\t\t<\/div>\n\t\t\t\t<\/div>\n\t\t\t\t<\/div>\n\t\t\t\t\t<\/div>\n\t\t\t\t<\/div>\n\t\t<div class=\"elementor-element elementor-element-77d382f7 e-flex e-con-boxed e-con e-parent\" data-id=\"77d382f7\" data-element_type=\"container\" data-e-type=\"container\" data-settings=\"{&quot;background_background&quot;:&quot;classic&quot;}\">\n\t\t\t\t\t<div class=\"e-con-inner\">\n\t\t<div class=\"elementor-element elementor-element-22967443 e-con-full e-flex e-con e-child\" data-id=\"22967443\" data-element_type=\"container\" data-e-type=\"container\" data-settings=\"{&quot;background_background&quot;:&quot;classic&quot;}\">\n\t\t\t\t<div class=\"elementor-element elementor-element-16a07385 elementor-widget elementor-widget-heading\" data-id=\"16a07385\" data-element_type=\"widget\" data-e-type=\"widget\" data-widget_type=\"heading.default\">\n\t\t\t\t<div class=\"elementor-widget-container\">\n\t\t\t\t\t<h3 class=\"elementor-heading-title elementor-size-default\">Nous r\u00e9alisons vos travaux dans les villes et communes du 04 et 05.<\/h3>\t\t\t\t<\/div>\n\t\t\t\t<\/div>\n\t\t\t\t<\/div>\n\t\t\t\t\t<\/div>\n\t\t\t\t<\/div>\n\t\t\t\t<\/div>\n\t\t","protected":false},"excerpt":{"rendered":"<p>Professionnels du b\u00e2timent Vos professionnels du b\u00e2timent disponible dans les communes et villes du 04 et 05 Contactez-nous ! Professionnels du b\u00e2timent disponibles Haute Provence R\u00e9novation, c\u2019est une quinzaine de professionnels du b\u00e2timent, form\u00e9es aux m\u00e9tiers du b\u00e2timent, et \u00e9voluant dans un principe de compagnonnage, sous la direction d&rsquo;Ernesto Lentisco. Nos responsables et leurs \u00e9quipes [&hellip;]<\/p>\n","protected":false},"author":1,"featured_media":0,"parent":0,"menu_order":0,"comment_status":"closed","ping_status":"closed","template":"","meta":{"om_disable_all_campaigns":false,"_monsterinsights_skip_tracking":false,"_monsterinsights_sitenote_active":false,"_monsterinsights_sitenote_note":"","_monsterinsights_sitenote_category":0,"footnotes":""},"class_list":["post-423","page","type-page","status-publish","hentry"],"aioseo_notices":[],"_links":{"self":[{"href":"https:\/\/hauteprovencerenovation.com\/index.php\/wp-json\/wp\/v2\/pages\/423","targetHints":{"allow":["GET"]}}],"collection":[{"href":"https:\/\/hauteprovencerenovation.com\/index.php\/wp-json\/wp\/v2\/pages"}],"about":[{"href":"https:\/\/hauteprovencerenovation.com\/index.php\/wp-json\/wp\/v2\/types\/page"}],"author":[{"embeddable":true,"href":"https:\/\/hauteprovencerenovation.com\/index.php\/wp-json\/wp\/v2\/users\/1"}],"replies":[{"embeddable":true,"href":"https:\/\/hauteprovencerenovation.com\/index.php\/wp-json\/wp\/v2\/comments?post=423"}],"version-history":[{"count":70,"href":"https:\/\/hauteprovencerenovation.com\/index.php\/wp-json\/wp\/v2\/pages\/423\/revisions"}],"predecessor-version":[{"id":1423,"href":"https:\/\/hauteprovencerenovation.com\/index.php\/wp-json\/wp\/v2\/pages\/423\/revisions\/1423"}],"wp:attachment":[{"href":"https:\/\/hauteprovencerenovation.com\/index.php\/wp-json\/wp\/v2\/media?parent=423"}],"curies":[{"name":"wp","href":"https:\/\/api.w.org\/{rel}","templated":true}]}}