{"id":699,"date":"2023-12-21T10:21:17","date_gmt":"2023-12-21T09:21:17","guid":{"rendered":"https:\/\/hauteprovencerenovation.com\/?page_id=699"},"modified":"2025-10-16T16:12:39","modified_gmt":"2025-10-16T14:12:39","slug":"eco-construction","status":"publish","type":"page","link":"https:\/\/hauteprovencerenovation.com\/index.php\/eco-construction\/","title":{"rendered":"Eco-construction"},"content":{"rendered":"\t\t<div data-elementor-type=\"wp-page\" data-elementor-id=\"699\" class=\"elementor elementor-699\" data-elementor-post-type=\"page\">\n\t\t\t\t<div class=\"elementor-element elementor-element-7910983c elementor-hidden-mobile e-flex e-con-boxed e-con e-parent\" data-id=\"7910983c\" data-element_type=\"container\" data-e-type=\"container\" data-settings=\"{&quot;background_background&quot;:&quot;classic&quot;}\">\n\t\t\t\t\t<div class=\"e-con-inner\">\n\t\t\t\t<div class=\"elementor-element elementor-element-34478eb4 elementor-widget elementor-widget-heading\" data-id=\"34478eb4\" data-element_type=\"widget\" data-e-type=\"widget\" data-widget_type=\"heading.default\">\n\t\t\t\t<div class=\"elementor-widget-container\">\n\t\t\t\t\t<h1 class=\"elementor-heading-title elementor-size-default\">\u00c9co-construction 04 &amp; 05 <\/h1>\t\t\t\t<\/div>\n\t\t\t\t<\/div>\n\t\t\t\t<div class=\"elementor-element elementor-element-5f904aec elementor-align-center elementor-widget elementor-widget-button\" data-id=\"5f904aec\" data-element_type=\"widget\" data-e-type=\"widget\" data-widget_type=\"button.default\">\n\t\t\t\t<div class=\"elementor-widget-container\">\n\t\t\t\t\t\t\t\t\t<div class=\"elementor-button-wrapper\">\n\t\t\t\t\t<a class=\"elementor-button elementor-button-link elementor-size-lg elementor-animation-grow\" href=\"https:\/\/hauteprovencerenovation.com\/index.php\/devis\/#devis\">\n\t\t\t\t\t\t<span class=\"elementor-button-content-wrapper\">\n\t\t\t\t\t\t\t\t\t<span class=\"elementor-button-text\">Obtenir un devis<\/span>\n\t\t\t\t\t<\/span>\n\t\t\t\t\t<\/a>\n\t\t\t\t<\/div>\n\t\t\t\t\t\t\t\t<\/div>\n\t\t\t\t<\/div>\n\t\t\t\t\t<\/div>\n\t\t\t\t<\/div>\n\t\t<div class=\"elementor-element elementor-element-8b31af2 e-flex e-con-boxed e-con e-parent\" data-id=\"8b31af2\" data-element_type=\"container\" data-e-type=\"container\">\n\t\t\t\t\t<div class=\"e-con-inner\">\n\t\t\t\t<div class=\"elementor-element elementor-element-68cf9445 elementor-widget elementor-widget-heading\" data-id=\"68cf9445\" data-element_type=\"widget\" data-e-type=\"widget\" data-widget_type=\"heading.default\">\n\t\t\t\t<div class=\"elementor-widget-container\">\n\t\t\t\t\t<h2 class=\"elementor-heading-title elementor-size-default\">D\u00e9couvrez toutes nos techniques d'\u00e9co-construction <\/h2>\t\t\t\t<\/div>\n\t\t\t\t<\/div>\n\t\t\t\t\t<\/div>\n\t\t\t\t<\/div>\n\t\t<div class=\"elementor-element elementor-element-167f76bd e-flex e-con-boxed e-con e-parent\" data-id=\"167f76bd\" data-element_type=\"container\" data-e-type=\"container\">\n\t\t\t\t\t<div class=\"e-con-inner\">\n\t\t\t\t<div class=\"elementor-element elementor-element-9213a4a elementor-widget-divider--view-line elementor-widget elementor-widget-divider\" data-id=\"9213a4a\" data-element_type=\"widget\" data-e-type=\"widget\" data-widget_type=\"divider.default\">\n\t\t\t\t<div class=\"elementor-widget-container\">\n\t\t\t\t\t\t\t<div class=\"elementor-divider\">\n\t\t\t<span class=\"elementor-divider-separator\">\n\t\t\t\t\t\t<\/span>\n\t\t<\/div>\n\t\t\t\t\t\t<\/div>\n\t\t\t\t<\/div>\n\t\t\t\t\t<\/div>\n\t\t\t\t<\/div>\n\t\t<div class=\"elementor-element elementor-element-6c971986 e-flex e-con-boxed e-con e-parent\" data-id=\"6c971986\" data-element_type=\"container\" data-e-type=\"container\">\n\t\t\t\t\t<div class=\"e-con-inner\">\n\t\t<div class=\"elementor-element elementor-element-5d207020 e-con-full e-flex e-con e-child\" data-id=\"5d207020\" data-element_type=\"container\" data-e-type=\"container\">\n\t\t\t\t<div class=\"elementor-element elementor-element-ce99f25 elementor-widget elementor-widget-heading\" data-id=\"ce99f25\" data-element_type=\"widget\" data-e-type=\"widget\" data-widget_type=\"heading.default\">\n\t\t\t\t<div class=\"elementor-widget-container\">\n\t\t\t\t\t<h2 class=\"elementor-heading-title elementor-size-default\">Eco-construction dans le 04 et 05 <\/h2>\t\t\t\t<\/div>\n\t\t\t\t<\/div>\n\t\t\t\t<div class=\"elementor-element elementor-element-2e978d3f elementor-widget elementor-widget-text-editor\" data-id=\"2e978d3f\" data-element_type=\"widget\" data-e-type=\"widget\" data-widget_type=\"text-editor.default\">\n\t\t\t\t<div class=\"elementor-widget-container\">\n\t\t\t\t\t\t\t\t\t<p><span style=\"font-weight: 400;\">Nous vous proposons des solutions techniques d\u2019intervention am\u00e9liorant le <strong>confort<\/strong> et la <strong>long\u00e9vit\u00e9<\/strong> de votre b\u00e2ti, ainsi que sa <strong>consommation<\/strong> en \u00e9nergies et son impact environnemental : ventilation adapt\u00e9e, isolation par l\u2019ext\u00e9rieur, mat\u00e9riaux \u00e9cologiques \u2026<\/span><\/p><p><span style=\"font-weight: 400;\">L&rsquo;<strong>\u00e9co-construction<\/strong>, c\u2019est aussi construire ou r\u00e9nover en choisissant des solutions techniques et des mat\u00e9riaux adapt\u00e9s \u00e0 une r\u00e9duction de la consommation \u00e9nerg\u00e9tique de votre maison.<\/span><\/p>\t\t\t\t\t\t\t\t<\/div>\n\t\t\t\t<\/div>\n\t\t\t\t<\/div>\n\t\t<div class=\"elementor-element elementor-element-3ec245bb e-con-full e-flex e-con e-child\" data-id=\"3ec245bb\" data-element_type=\"container\" data-e-type=\"container\">\n\t\t\t\t<div class=\"elementor-element elementor-element-1bedbd60 elementor-widget elementor-widget-image\" data-id=\"1bedbd60\" data-element_type=\"widget\" data-e-type=\"widget\" data-widget_type=\"image.default\">\n\t\t\t\t<div class=\"elementor-widget-container\">\n\t\t\t\t\t\t\t\t\t\t\t\t\t\t\t<img fetchpriority=\"high\" decoding=\"async\" width=\"500\" height=\"334\" src=\"https:\/\/hauteprovencerenovation.com\/wp-content\/uploads\/2023\/12\/Eco-construction-04-et-05-Haute-Provence-Renovation.webp\" class=\"elementor-animation-grow attachment-large size-large wp-image-1161\" alt=\"Eco-construction 04 et 05 Haute Provence Renovation\" srcset=\"https:\/\/hauteprovencerenovation.com\/wp-content\/uploads\/2023\/12\/Eco-construction-04-et-05-Haute-Provence-Renovation.webp 500w, https:\/\/hauteprovencerenovation.com\/wp-content\/uploads\/2023\/12\/Eco-construction-04-et-05-Haute-Provence-Renovation-300x200.webp 300w\" sizes=\"(max-width: 500px) 100vw, 500px\" \/>\t\t\t\t\t\t\t\t\t\t\t\t\t\t\t<\/div>\n\t\t\t\t<\/div>\n\t\t\t\t<\/div>\n\t\t\t\t\t<\/div>\n\t\t\t\t<\/div>\n\t\t<div class=\"elementor-element elementor-element-205a61c1 e-flex e-con-boxed e-con e-parent\" data-id=\"205a61c1\" data-element_type=\"container\" data-e-type=\"container\" data-settings=\"{&quot;background_background&quot;:&quot;classic&quot;}\">\n\t\t\t\t\t<div class=\"e-con-inner\">\n\t\t\t\t<div class=\"elementor-element elementor-element-e5af01f elementor-widget elementor-widget-heading\" data-id=\"e5af01f\" data-element_type=\"widget\" data-e-type=\"widget\" data-widget_type=\"heading.default\">\n\t\t\t\t<div class=\"elementor-widget-container\">\n\t\t\t\t\t<h3 class=\"elementor-heading-title elementor-size-default\"><a href=\"tel:+33699494330\">Besoins de travaux ? Contactez-nous au 06 99 49 43 30 <\/a><\/h3>\t\t\t\t<\/div>\n\t\t\t\t<\/div>\n\t\t\t\t\t<\/div>\n\t\t\t\t<\/div>\n\t\t<div class=\"elementor-element elementor-element-4bfbdfca e-flex e-con-boxed e-con e-parent\" data-id=\"4bfbdfca\" data-element_type=\"container\" data-e-type=\"container\">\n\t\t\t\t\t<div class=\"e-con-inner\">\n\t\t<div class=\"elementor-element elementor-element-4a91d34f e-con-full e-flex e-con e-child\" data-id=\"4a91d34f\" data-element_type=\"container\" data-e-type=\"container\">\n\t\t\t\t<div class=\"elementor-element elementor-element-64a5e424 elementor-widget elementor-widget-image\" data-id=\"64a5e424\" data-element_type=\"widget\" data-e-type=\"widget\" data-widget_type=\"image.default\">\n\t\t\t\t<div class=\"elementor-widget-container\">\n\t\t\t\t\t\t\t\t\t\t\t\t\t\t\t<img decoding=\"async\" width=\"500\" height=\"375\" src=\"https:\/\/hauteprovencerenovation.com\/wp-content\/uploads\/2023\/12\/Renovation-environnement-Haute-Provence-Renovation-BTP-dans-le-04-et-05.webp\" class=\"elementor-animation-grow attachment-large size-large wp-image-1063\" alt=\"Eco-construction b\u00e2timent Haute Provence Renovation\" srcset=\"https:\/\/hauteprovencerenovation.com\/wp-content\/uploads\/2023\/12\/Renovation-environnement-Haute-Provence-Renovation-BTP-dans-le-04-et-05.webp 500w, https:\/\/hauteprovencerenovation.com\/wp-content\/uploads\/2023\/12\/Renovation-environnement-Haute-Provence-Renovation-BTP-dans-le-04-et-05-300x225.webp 300w\" sizes=\"(max-width: 500px) 100vw, 500px\" \/>\t\t\t\t\t\t\t\t\t\t\t\t\t\t\t<\/div>\n\t\t\t\t<\/div>\n\t\t\t\t<\/div>\n\t\t<div class=\"elementor-element elementor-element-19896e7 e-con-full e-flex e-con e-child\" data-id=\"19896e7\" data-element_type=\"container\" data-e-type=\"container\">\n\t\t\t\t<div class=\"elementor-element elementor-element-92864da elementor-widget elementor-widget-heading\" data-id=\"92864da\" data-element_type=\"widget\" data-e-type=\"widget\" data-widget_type=\"heading.default\">\n\t\t\t\t<div class=\"elementor-widget-container\">\n\t\t\t\t\t<h2 class=\"elementor-heading-title elementor-size-default\">Les diff\u00e9rentes techniques d'\u00e9co-construction<\/h2>\t\t\t\t<\/div>\n\t\t\t\t<\/div>\n\t\t\t\t<div class=\"elementor-element elementor-element-a56abcf elementor-widget elementor-widget-text-editor\" data-id=\"a56abcf\" data-element_type=\"widget\" data-e-type=\"widget\" data-widget_type=\"text-editor.default\">\n\t\t\t\t<div class=\"elementor-widget-container\">\n\t\t\t\t\t\t\t\t\t<p><span style=\"font-weight: 400;\">Gr\u00e2ce \u00e0 notre savoir-faire, nous pouvons vous proposer diff\u00e9rentes <strong>techniques de construction<\/strong> (traditionnelle, ossature bois, murs en pierre \u2026), d\u2019isolation (li\u00e8ge, laine de bois \u2026), d\u2019<strong>am\u00e9nagement<\/strong> (syst\u00e8me de ventilation, chauffage \u2026).<\/span><\/p>\t\t\t\t\t\t\t\t<\/div>\n\t\t\t\t<\/div>\n\t\t\t\t<\/div>\n\t\t\t\t\t<\/div>\n\t\t\t\t<\/div>\n\t\t<div class=\"elementor-element elementor-element-4539e713 e-flex e-con-boxed e-con e-parent\" data-id=\"4539e713\" data-element_type=\"container\" data-e-type=\"container\" data-settings=\"{&quot;background_background&quot;:&quot;classic&quot;,&quot;background_motion_fx_motion_fx_mouse&quot;:&quot;yes&quot;,&quot;background_motion_fx_mouseTrack_effect&quot;:&quot;yes&quot;,&quot;background_motion_fx_mouseTrack_direction&quot;:&quot;negative&quot;,&quot;background_motion_fx_mouseTrack_speed&quot;:{&quot;unit&quot;:&quot;px&quot;,&quot;size&quot;:1,&quot;sizes&quot;:[]}}\">\n\t\t\t\t\t<div class=\"e-con-inner\">\n\t\t<div class=\"elementor-element elementor-element-6749fe6e e-con-full e-flex e-con e-child\" data-id=\"6749fe6e\" data-element_type=\"container\" data-e-type=\"container\">\n\t\t\t\t<div class=\"elementor-element elementor-element-7f319e82 elementor-widget elementor-widget-heading\" data-id=\"7f319e82\" data-element_type=\"widget\" data-e-type=\"widget\" data-widget_type=\"heading.default\">\n\t\t\t\t<div class=\"elementor-widget-container\">\n\t\t\t\t\t<h2 class=\"elementor-heading-title elementor-size-default\">Des constructions respectueuses de l'environnement<\/h2>\t\t\t\t<\/div>\n\t\t\t\t<\/div>\n\t\t\t\t<div class=\"elementor-element elementor-element-33144c94 elementor-widget elementor-widget-text-editor\" data-id=\"33144c94\" data-element_type=\"widget\" data-e-type=\"widget\" data-widget_type=\"text-editor.default\">\n\t\t\t\t<div class=\"elementor-widget-container\">\n\t\t\t\t\t\t\t\t\t<p><span style=\"font-weight: 400;\">Nous prenons en compte l\u2019<strong>environnement<\/strong> qui entoure la construction afin qu\u2019elle profite de tous les avantages qu\u2019il peut lui apporter : exposition \u00e0 l\u2019<strong>ensoleillement<\/strong>, implantation de la <strong>v\u00e9g\u00e9tation<\/strong>, climat local, \u00e9l\u00e9ments \u00e0 proximit\u00e9, etc.<\/span><\/p><p><span style=\"font-weight: 400;\">Nous vous proposons des solutions qui permettent \u00e0 votre b\u00e2ti de s\u2019int\u00e9grer le plus harmonieusement possible dans le <strong>paysage<\/strong>.<\/span><\/p>\t\t\t\t\t\t\t\t<\/div>\n\t\t\t\t<\/div>\n\t\t\t\t<\/div>\n\t\t<div class=\"elementor-element elementor-element-11f70342 e-con-full e-flex e-con e-child\" data-id=\"11f70342\" data-element_type=\"container\" data-e-type=\"container\">\n\t\t\t\t<div class=\"elementor-element elementor-element-3a522b1a elementor-widget elementor-widget-image\" data-id=\"3a522b1a\" data-element_type=\"widget\" data-e-type=\"widget\" data-widget_type=\"image.default\">\n\t\t\t\t<div class=\"elementor-widget-container\">\n\t\t\t\t\t\t\t\t\t\t\t\t\t\t\t<img decoding=\"async\" width=\"640\" height=\"368\" src=\"https:\/\/hauteprovencerenovation.com\/wp-content\/uploads\/2023\/12\/Batiment-Haute-Provence-Renovation-Artisans-BTP-dans-les-villes-et-communes-du-04-et-05.webp\" class=\"elementor-animation-grow attachment-large size-large wp-image-849\" alt=\"Ba\u0302timent-Haute-Provence-Renovation Artisans BTP dans les villes et communes du 04 et 05\" srcset=\"https:\/\/hauteprovencerenovation.com\/wp-content\/uploads\/2023\/12\/Batiment-Haute-Provence-Renovation-Artisans-BTP-dans-les-villes-et-communes-du-04-et-05.webp 640w, https:\/\/hauteprovencerenovation.com\/wp-content\/uploads\/2023\/12\/Batiment-Haute-Provence-Renovation-Artisans-BTP-dans-les-villes-et-communes-du-04-et-05-300x173.webp 300w\" sizes=\"(max-width: 640px) 100vw, 640px\" \/>\t\t\t\t\t\t\t\t\t\t\t\t\t\t\t<\/div>\n\t\t\t\t<\/div>\n\t\t\t\t<\/div>\n\t\t\t\t\t<\/div>\n\t\t\t\t<\/div>\n\t\t<div class=\"elementor-element elementor-element-2a4b9fa0 e-flex e-con-boxed e-con e-parent\" data-id=\"2a4b9fa0\" data-element_type=\"container\" data-e-type=\"container\" data-settings=\"{&quot;background_background&quot;:&quot;classic&quot;}\">\n\t\t\t\t\t<div class=\"e-con-inner\">\n\t\t<div class=\"elementor-element elementor-element-38c93c5e e-con-full e-flex e-con e-child\" data-id=\"38c93c5e\" data-element_type=\"container\" data-e-type=\"container\" data-settings=\"{&quot;background_background&quot;:&quot;classic&quot;}\">\n\t\t\t\t<div class=\"elementor-element elementor-element-110080d5 elementor-widget elementor-widget-heading\" data-id=\"110080d5\" data-element_type=\"widget\" data-e-type=\"widget\" data-widget_type=\"heading.default\">\n\t\t\t\t<div class=\"elementor-widget-container\">\n\t\t\t\t\t<h3 class=\"elementor-heading-title elementor-size-default\">Nous r\u00e9alisons nos travaux dans les villes et communes du 04 et 05.<\/h3>\t\t\t\t<\/div>\n\t\t\t\t<\/div>\n\t\t\t\t<\/div>\n\t\t\t\t\t<\/div>\n\t\t\t\t<\/div>\n\t\t\t\t<\/div>\n\t\t","protected":false},"excerpt":{"rendered":"<p>\u00c9co-construction 04 &amp; 05 Obtenir un devis D\u00e9couvrez toutes nos techniques d&rsquo;\u00e9co-construction Eco-construction dans le 04 et 05 Nous vous proposons des solutions techniques d\u2019intervention am\u00e9liorant le confort et la long\u00e9vit\u00e9 de votre b\u00e2ti, ainsi que sa consommation en \u00e9nergies et son impact environnemental : ventilation adapt\u00e9e, isolation par l\u2019ext\u00e9rieur, mat\u00e9riaux \u00e9cologiques \u2026 L&rsquo;\u00e9co-construction, c\u2019est [&hellip;]<\/p>\n","protected":false},"author":1,"featured_media":0,"parent":0,"menu_order":0,"comment_status":"closed","ping_status":"closed","template":"","meta":{"om_disable_all_campaigns":false,"_monsterinsights_skip_tracking":false,"_monsterinsights_sitenote_active":false,"_monsterinsights_sitenote_note":"","_monsterinsights_sitenote_category":0,"footnotes":""},"class_list":["post-699","page","type-page","status-publish","hentry"],"aioseo_notices":[],"_links":{"self":[{"href":"https:\/\/hauteprovencerenovation.com\/index.php\/wp-json\/wp\/v2\/pages\/699","targetHints":{"allow":["GET"]}}],"collection":[{"href":"https:\/\/hauteprovencerenovation.com\/index.php\/wp-json\/wp\/v2\/pages"}],"about":[{"href":"https:\/\/hauteprovencerenovation.com\/index.php\/wp-json\/wp\/v2\/types\/page"}],"author":[{"embeddable":true,"href":"https:\/\/hauteprovencerenovation.com\/index.php\/wp-json\/wp\/v2\/users\/1"}],"replies":[{"embeddable":true,"href":"https:\/\/hauteprovencerenovation.com\/index.php\/wp-json\/wp\/v2\/comments?post=699"}],"version-history":[{"count":52,"href":"https:\/\/hauteprovencerenovation.com\/index.php\/wp-json\/wp\/v2\/pages\/699\/revisions"}],"predecessor-version":[{"id":1420,"href":"https:\/\/hauteprovencerenovation.com\/index.php\/wp-json\/wp\/v2\/pages\/699\/revisions\/1420"}],"wp:attachment":[{"href":"https:\/\/hauteprovencerenovation.com\/index.php\/wp-json\/wp\/v2\/media?parent=699"}],"curies":[{"name":"wp","href":"https:\/\/api.w.org\/{rel}","templated":true}]}}